{"id":279794,"date":"2023-11-11T07:18:59","date_gmt":"2023-11-11T07:18:59","guid":{"rendered":"https:\/\/fmer-remf.ca\/leducation\/cours-facultatif-deducation-medicale-recherche-sur-leducation-en-medecine-familiale\/"},"modified":"2025-07-18T09:19:54","modified_gmt":"2025-07-18T09:19:54","slug":"cours-facultatif-deducation-medicale-recherche-sur-leducation-en-medecine-familiale","status":"publish","type":"page","link":"https:\/\/fmer-remf.ca\/fr\/leducation\/cours-facultatif-deducation-medicale-recherche-sur-leducation-en-medecine-familiale\/","title":{"rendered":"Cours facultatif d&rsquo;\u00e9ducation m\u00e9dicale : Recherche sur l&rsquo;\u00e9ducation en m\u00e9decine familiale"},"content":{"rendered":"<p>[et_pb_section fb_built=\u00a0\u00bb1&Prime; admin_label=\u00a0\u00bbPage Title Section\u00a0\u00bb _builder_version=\u00a0\u00bb4.23.1&Prime; background_color_gradient_direction=\u00a0\u00bb115deg\u00a0\u00bb background_image=\u00a0\u00bbhttps:\/\/fmer-remf.ca\/wp-content\/uploads\/Doc-Elective-Header.jpg\u00a0\u00bb custom_padding=\u00a0\u00bb150px||0px|\u00a0\u00bb global_colors_info=\u00a0\u00bb{}\u00a0\u00bb][et_pb_row _builder_version=\u00a0\u00bb4.19.5&Prime; background_color=\u00a0\u00bbrgba(56,62,89,0.91)\u00a0\u00bb background_size=\u00a0\u00bbinitial\u00a0\u00bb background_position=\u00a0\u00bbtop_left\u00a0\u00bb background_repeat=\u00a0\u00bbrepeat\u00a0\u00bb max_width=\u00a0\u00bb960px\u00a0\u00bb custom_margin=\u00a0\u00bb|||0px\u00a0\u00bb custom_padding=\u00a0\u00bb27px|40px||10%\u00a0\u00bb animation_style=\u00a0\u00bbslide\u00a0\u00bb animation_direction=\u00a0\u00bbleft\u00a0\u00bb animation_intensity_slide=\u00a0\u00bb2%\u00a0\u00bb border_radii=\u00a0\u00bb||6px|6px|\u00a0\u00bb border_width_right=\u00a0\u00bb30px\u00a0\u00bb border_color_right=\u00a0\u00bb#7da4e9&Prime; use_custom_width=\u00a0\u00bbon\u00a0\u00bb custom_width_px=\u00a0\u00bb960px\u00a0\u00bb locked=\u00a0\u00bboff\u00a0\u00bb global_colors_info=\u00a0\u00bb{}\u00a0\u00bb][et_pb_column type=\u00a0\u00bb4_4&Prime; _builder_version=\u00a0\u00bb4.16&Prime; custom_padding=\u00a0\u00bb|||\u00a0\u00bb custom_padding_tablet=\u00a0\u00bb|||10%\u00a0\u00bb custom_padding_last_edited=\u00a0\u00bboff|desktop\u00a0\u00bb global_colors_info=\u00a0\u00bb{}\u00a0\u00bb padding_tablet=\u00a0\u00bb|||10%\u00a0\u00bb padding_last_edited=\u00a0\u00bboff|desktop\u00a0\u00bb custom_padding__hover=\u00a0\u00bb|||\u00a0\u00bb][et_pb_text admin_label=\u00a0\u00bbTitle\u00a0\u00bb _builder_version=\u00a0\u00bb4.27.4&Prime; text_font=\u00a0\u00bb||||||||\u00a0\u00bb header_font=\u00a0\u00bbAbhaya Libre|700|||||||\u00a0\u00bb header_font_size=\u00a0\u00bb40px\u00a0\u00bb header_line_height=\u00a0\u00bb1.2em\u00a0\u00bb header_4_font=\u00a0\u00bb||||||||\u00a0\u00bb background_layout=\u00a0\u00bbdark\u00a0\u00bb custom_margin=\u00a0\u00bb|||\u00a0\u00bb custom_padding=\u00a0\u00bb|||\u00a0\u00bb hover_enabled=\u00a0\u00bb0&Prime; header_font_size_tablet=\u00a0\u00bb40px\u00a0\u00bb header_font_size_phone=\u00a0\u00bb16px\u00a0\u00bb header_font_size_last_edited=\u00a0\u00bbon|phone\u00a0\u00bb global_colors_info=\u00a0\u00bb{}\u00a0\u00bb sticky_enabled=\u00a0\u00bb0&Prime;]<\/p>\n<h1>Cours facultatif d&rsquo;\u00e9ducation m\u00e9dicale : Recherche sur l&rsquo;\u00e9ducation en m\u00e9decine familiale<\/h1>\n<p>[\/et_pb_text][\/et_pb_column][\/et_pb_row][\/et_pb_section][et_pb_section fb_built=\u00a0\u00bb1&Prime; admin_label=\u00a0\u00bbHeader\u00a0\u00bb _builder_version=\u00a0\u00bb4.21.0&Prime; width=\u00a0\u00bb100%\u00a0\u00bb max_width=\u00a0\u00bb100%\u00a0\u00bb custom_padding=\u00a0\u00bb||1px|||\u00a0\u00bb locked=\u00a0\u00bboff\u00a0\u00bb global_colors_info=\u00a0\u00bb{}\u00a0\u00bb][et_pb_row column_structure=\u00a0\u00bb3_5,2_5&Prime; make_equal=\u00a0\u00bbon\u00a0\u00bb _builder_version=\u00a0\u00bb4.22.2&Prime; custom_padding=\u00a0\u00bb||4px|||\u00a0\u00bb global_colors_info=\u00a0\u00bb{}\u00a0\u00bb][et_pb_column type=\u00a0\u00bb3_5&Prime; _builder_version=\u00a0\u00bb4.19.5&Prime; global_colors_info=\u00a0\u00bb{}\u00a0\u00bb][et_pb_text _builder_version=\u00a0\u00bb4.27.0&Prime; text_font=\u00a0\u00bb||||||||\u00a0\u00bb text_font_size=\u00a0\u00bb16px\u00a0\u00bb text_line_height=\u00a0\u00bb2em\u00a0\u00bb header_font=\u00a0\u00bbAbril Fatface||||||||\u00a0\u00bb header_font_size=\u00a0\u00bb110px\u00a0\u00bb header_line_height=\u00a0\u00bb0.9em\u00a0\u00bb header_2_font=\u00a0\u00bbAbril Fatface||||||||\u00a0\u00bb header_2_font_size=\u00a0\u00bb56px\u00a0\u00bb header_2_line_height=\u00a0\u00bb1.1em\u00a0\u00bb header_3_font=\u00a0\u00bbAbril Fatface||||||||\u00a0\u00bb header_3_font_size=\u00a0\u00bb28px\u00a0\u00bb max_width=\u00a0\u00bb640px\u00a0\u00bb text_font_size_tablet=\u00a0\u00bb\u00a0\u00bb text_font_size_phone=\u00a0\u00bb14px\u00a0\u00bb text_font_size_last_edited=\u00a0\u00bbon|desktop\u00a0\u00bb text_line_height_tablet=\u00a0\u00bb\u00a0\u00bb text_line_height_phone=\u00a0\u00bb1.6em\u00a0\u00bb text_line_height_last_edited=\u00a0\u00bbon|desktop\u00a0\u00bb header_font_size_tablet=\u00a0\u00bb54px\u00a0\u00bb header_font_size_phone=\u00a0\u00bb34px\u00a0\u00bb header_font_size_last_edited=\u00a0\u00bbon|phone\u00a0\u00bb header_2_font_size_tablet=\u00a0\u00bb36px\u00a0\u00bb header_2_font_size_phone=\u00a0\u00bb24px\u00a0\u00bb header_2_font_size_last_edited=\u00a0\u00bbon|phone\u00a0\u00bb locked=\u00a0\u00bboff\u00a0\u00bb global_colors_info=\u00a0\u00bb{}\u00a0\u00bb]<\/p>\n<h3>Introduction<\/h3>\n<p><\/p>\n<p>Introduction \u00e0 la recherche sur l&rsquo;\u00e9ducation en m\u00e9decine familiale est un cours facultatif de recherche d\u00e9velopp\u00e9 par les chercheurs du Groupe de recherche sur l&rsquo;\u00e9ducation en m\u00e9decine familiale de McGill (FMER) dans le but d&rsquo;initier les \u00e9tudiants en m\u00e9decine de 3e et 4e ann\u00e9e de McGill au champ d&rsquo;investigation de l&rsquo;\u00e9ducation en m\u00e9decine familiale.<br \/>\nCe cours facultatif sera offert sur une base annuelle au semestre d&rsquo;automne et couvrira alors les p\u00e9riodes 4 \u00e0 6 (octobre \u00e0 d\u00e9cembre) du calendrier de rotation de l&rsquo;externat. \u00c0 partir de l&rsquo;ann\u00e9e universitaire 2021-2022, la professeure Samira Abbasgholizadeh Rahimi est l&rsquo;instructrice de ce cours facultatif, qui porte sur l&rsquo;utilisation de l&rsquo;intelligence artificielle (IA) dans l&rsquo;enseignement et la pratique de la m\u00e9decine familiale.<\/p>\n<p><\/p>\n<p>&nbsp;<\/p>\n<p>[\/et_pb_text][\/et_pb_column][et_pb_column type=\u00a0\u00bb2_5&Prime; _builder_version=\u00a0\u00bb4.19.5&Prime; background_enable_image=\u00a0\u00bboff\u00a0\u00bb global_colors_info=\u00a0\u00bb{}\u00a0\u00bb][et_pb_divider show_divider=\u00a0\u00bboff\u00a0\u00bb _builder_version=\u00a0\u00bb4.21.0&Prime; height_tablet=\u00a0\u00bb300px\u00a0\u00bb height_phone=\u00a0\u00bb200px\u00a0\u00bb height_last_edited=\u00a0\u00bbon|desktop\u00a0\u00bb custom_margin=\u00a0\u00bb32px||||false|false\u00a0\u00bb global_colors_info=\u00a0\u00bb{}\u00a0\u00bb][\/et_pb_divider][et_pb_image src=\u00a0\u00bbhttps:\/\/fmer-remf.ca\/wp-content\/uploads\/McGill-entrance.jpg\u00a0\u00bb title_text=\u00a0\u00bbfmer_graphic_2_0&Prime; _builder_version=\u00a0\u00bb4.23.1&Prime; _module_preset=\u00a0\u00bbdefault\u00a0\u00bb border_radii=\u00a0\u00bbon|5px|5px|5px|5px\u00a0\u00bb global_colors_info=\u00a0\u00bb{}\u00a0\u00bb][\/et_pb_image][\/et_pb_column][\/et_pb_row][\/et_pb_section][et_pb_section fb_built=\u00a0\u00bb1&Prime; admin_label=\u00a0\u00bbMSc Overview\u00a0\u00bb _builder_version=\u00a0\u00bb4.22.2&Prime; _module_preset=\u00a0\u00bbdefault\u00a0\u00bb background_enable_color=\u00a0\u00bboff\u00a0\u00bb locked=\u00a0\u00bboff\u00a0\u00bb global_colors_info=\u00a0\u00bb{}\u00a0\u00bb][et_pb_row _builder_version=\u00a0\u00bb4.18.0&Prime; _module_preset=\u00a0\u00bbdefault\u00a0\u00bb width_tablet=\u00a0\u00bb\u00a0\u00bb width_phone=\u00a0\u00bb90%\u00a0\u00bb width_last_edited=\u00a0\u00bbon|phone\u00a0\u00bb max_width=\u00a0\u00bb1040px\u00a0\u00bb module_alignment=\u00a0\u00bbcenter\u00a0\u00bb global_colors_info=\u00a0\u00bb{}\u00a0\u00bb][et_pb_column type=\u00a0\u00bb4_4&Prime; _builder_version=\u00a0\u00bb4.18.0&Prime; _module_preset=\u00a0\u00bbdefault\u00a0\u00bb global_colors_info=\u00a0\u00bb{}\u00a0\u00bb][et_pb_text _builder_version=\u00a0\u00bb4.23.1&Prime; _module_preset=\u00a0\u00bb6a756b6d-edc5-4ab2-84e3-d9b936ecb42c\u00a0\u00bb header_font=\u00a0\u00bbAbril Fatface||||||||\u00a0\u00bb header_2_font=\u00a0\u00bbAbril Fatface||||||||\u00a0\u00bb header_2_text_color=\u00a0\u00bbrgba(0,0,0,0.89)\u00a0\u00bb header_2_font_size=\u00a0\u00bb32px\u00a0\u00bb global_colors_info=\u00a0\u00bb{}\u00a0\u00bb]<\/p>\n<h2 style=\"text-align: center;\">Cours facultatif d&rsquo;\u00e9ducation m\u00e9dicale : Recherche sur l&rsquo;\u00e9ducation en m\u00e9decine familiale<\/h2>\n<p>[\/et_pb_text][dgat_advancedtab tab_animation=\u00a0\u00bbslide_left\u00a0\u00bb dg_animation_duration=\u00a0\u00bb500&Prime; content_container_bgcolor=\u00a0\u00bbrgba(111,162,217,0.36)\u00a0\u00bb nav_container_bgcolor=\u00a0\u00bbrgba(111,162,217,0.49)\u00a0\u00bb nav_placement=\u00a0\u00bbflex_left\u00a0\u00bb nav_placement_tablet=\u00a0\u00bbflex_top\u00a0\u00bb nav_item_bgcolor=\u00a0\u00bb#30005b\u00a0\u00bb image_size=\u00a0\u00bb60px\u00a0\u00bb image_size_active=\u00a0\u00bb60px\u00a0\u00bb icon_align=\u00a0\u00bbcenter\u00a0\u00bb nav_wrapper_padding=\u00a0\u00bb||||false|false\u00a0\u00bb at_content_wrapper_padding=\u00a0\u00bb||||false|false\u00a0\u00bb at_content_wrapper_padding_tablet=\u00a0\u00bb|0px||0px|false|true\u00a0\u00bb at_content_wrapper_padding_phone=\u00a0\u00bb|0px||0px|false|true\u00a0\u00bb at_content_wrapper_padding_last_edited=\u00a0\u00bbon|phone\u00a0\u00bb nav_item_margin=\u00a0\u00bb||20px||false|false\u00a0\u00bb nav_item_padding=\u00a0\u00bb30px||30px||true|false\u00a0\u00bb nav_item_last_margin=\u00a0\u00bb||0px||false|false\u00a0\u00bb nav_icon_margin=\u00a0\u00bb||16px||false|false\u00a0\u00bb image_size_tablet=\u00a0\u00bb50px\u00a0\u00bb image_size_phone=\u00a0\u00bb45px\u00a0\u00bb image_size_last_edited=\u00a0\u00bbon|tablet\u00a0\u00bb image_size_active_tablet=\u00a0\u00bb50px\u00a0\u00bb image_size_active_phone=\u00a0\u00bb45px\u00a0\u00bb image_size_active_last_edited=\u00a0\u00bbon|tablet\u00a0\u00bb _builder_version=\u00a0\u00bb4.23.1&Prime; _module_preset=\u00a0\u00bbdefault\u00a0\u00bb title_font=\u00a0\u00bbPT Sans||||||||\u00a0\u00bb title_text_align=\u00a0\u00bbcenter\u00a0\u00bb title_text_color=\u00a0\u00bb#aaaaaa\u00a0\u00bb title_font_size=\u00a0\u00bb18px\u00a0\u00bb title_line_height=\u00a0\u00bb20px\u00a0\u00bb title_active_font=\u00a0\u00bbPT Sans|700|||||||\u00a0\u00bb title_active_text_align=\u00a0\u00bbcenter\u00a0\u00bb title_active_text_color=\u00a0\u00bb#FFFFFF\u00a0\u00bb title_active_font_size=\u00a0\u00bb18px\u00a0\u00bb title_active_line_height=\u00a0\u00bb20px\u00a0\u00bb motion_trigger_start=\u00a0\u00bbtop\u00a0\u00bb title_font_size_tablet=\u00a0\u00bb17px\u00a0\u00bb title_font_size_phone=\u00a0\u00bb16px\u00a0\u00bb title_font_size_last_edited=\u00a0\u00bbon|tablet\u00a0\u00bb title_active_font_size_tablet=\u00a0\u00bb17px\u00a0\u00bb title_active_font_size_phone=\u00a0\u00bb16px\u00a0\u00bb title_active_font_size_last_edited=\u00a0\u00bbon|tablet\u00a0\u00bb border_width_all=\u00a0\u00bb0px\u00a0\u00bb border_radii_nav_item=\u00a0\u00bbon|5px|5px|5px|5px\u00a0\u00bb border_width_all_nav_item=\u00a0\u00bb1px\u00a0\u00bb border_color_all_nav_item=\u00a0\u00bb#6fa2d9&Prime; border_width_all_nav_item_active=\u00a0\u00bb1px\u00a0\u00bb border_color_all_nav_item_active=\u00a0\u00bb#6FA2D9&Prime; global_colors_info=\u00a0\u00bb{}\u00a0\u00bb border_color_all_nav_item__hover_enabled=\u00a0\u00bbon|hover\u00a0\u00bb border_color_all_nav_item__hover=\u00a0\u00bb#6FA2D9&Prime; title_text_color__hover_enabled=\u00a0\u00bbon|hover\u00a0\u00bb title_text_color__hover=\u00a0\u00bb#6FA2D9&Prime; nav_item_bgcolor__hover_enabled=\u00a0\u00bbon|desktop\u00a0\u00bb nav_item_bgcolor__hover=\u00a0\u00bb#30005b\u00a0\u00bb][dgat_advancedtabitem title=\u00a0\u00bbCours facultatif de formation m\u00e9dicale &#8211; En bref\u00a0\u00bb use_icon=\u00a0\u00bboff\u00a0\u00bb tab_image=\u00a0\u00bbhttps:\/\/fmer-remf.ca\/wp-content\/uploads\/FMER-Icon-60.png\u00a0\u00bb navigation_link=\u00a0\u00bbhttps:\/\/fmer-remf.ca\/education\/medical-education-elective-family-medicine-education-research\/#dgat_advancedtabitem_0&Prime; at_button_button_url_new_window=\u00a0\u00bb1&Prime; button_bgcolor=\u00a0\u00bb#02dfbf\u00a0\u00bb button_padding=\u00a0\u00bb18px|40px|18px|40px|true|true\u00a0\u00bb button_padding_tablet=\u00a0\u00bb15px|35px|15px|35px|true|true\u00a0\u00bb button_padding_phone=\u00a0\u00bb12px|30px|12px|30px|true|true\u00a0\u00bb button_padding_last_edited=\u00a0\u00bbon|tablet\u00a0\u00bb _builder_version=\u00a0\u00bb4.23.1&Prime; text_font=\u00a0\u00bbPT Sans||||||||\u00a0\u00bb text_text_color=\u00a0\u00bb#000000&Prime; text_font_size=\u00a0\u00bb16px\u00a0\u00bb text_line_height=\u00a0\u00bb28px\u00a0\u00bb header_3_font=\u00a0\u00bbPT Sans||||||||\u00a0\u00bb header_3_text_color=\u00a0\u00bb#000000&Prime; header_3_font_size=\u00a0\u00bb30px\u00a0\u00bb header_3_line_height=\u00a0\u00bb36px\u00a0\u00bb button_font=\u00a0\u00bbPT Sans|700|||||||\u00a0\u00bb button_text_color=\u00a0\u00bb#07252a\u00a0\u00bb button_font_size=\u00a0\u00bb16px\u00a0\u00bb text_font_size_tablet=\u00a0\u00bb15px\u00a0\u00bb text_font_size_phone=\u00a0\u00bb14px\u00a0\u00bb text_font_size_last_edited=\u00a0\u00bbon|tablet\u00a0\u00bb text_line_height_tablet=\u00a0\u00bb27px\u00a0\u00bb text_line_height_phone=\u00a0\u00bb26px\u00a0\u00bb text_line_height_last_edited=\u00a0\u00bbon|tablet\u00a0\u00bb header_3_font_size_tablet=\u00a0\u00bb28px\u00a0\u00bb header_3_font_size_phone=\u00a0\u00bb24px\u00a0\u00bb header_3_font_size_last_edited=\u00a0\u00bbon|tablet\u00a0\u00bb header_3_line_height_tablet=\u00a0\u00bb34px\u00a0\u00bb header_3_line_height_phone=\u00a0\u00bb32px\u00a0\u00bb header_3_line_height_last_edited=\u00a0\u00bbon|tablet\u00a0\u00bb button_font_size_tablet=\u00a0\u00bb15px\u00a0\u00bb button_font_size_phone=\u00a0\u00bb14px\u00a0\u00bb button_font_size_last_edited=\u00a0\u00bbon|tablet\u00a0\u00bb border_radii_button=\u00a0\u00bbon|5px|5px|5px|5px\u00a0\u00bb global_colors_info=\u00a0\u00bb{}\u00a0\u00bb button_bgcolor__hover_enabled=\u00a0\u00bbon|hover\u00a0\u00bb button_bgcolor__hover=\u00a0\u00bb#038389&Prime; button_text_color__hover_enabled=\u00a0\u00bbon|desktop\u00a0\u00bb button_text_color__hover=\u00a0\u00bb#FFFFFF\u00a0\u00bb]<\/p>\n<h3>Cours facultatif d&rsquo;\u00e9ducation m\u00e9dicale : Aper\u00e7u de la recherche sur l&rsquo;\u00e9ducation en m\u00e9decine familiale<\/h3>\n<p><\/p>\n<p><strong>Dur\u00e9e de l&rsquo;option : 2 semaines<\/strong><\/p>\n<p><\/p>\n<p><strong>Objectifs p\u00e9dagogiques<\/strong><\/p>\n<p><\/p>\n<ol>\n<li>Acqu\u00e9rir une connaissance de base et une compr\u00e9hension des sujets et des m\u00e9thodologies de recherche qui font progresser la science dans le domaine de la formation en m\u00e9decine familiale.<\/li>\n<li>Acqu\u00e9rir une compr\u00e9hension plus approfondie d&rsquo;un sujet ou d&rsquo;une m\u00e9thodologie de recherche sur l&rsquo;\u00e9ducation en m\u00e9decine familiale selon l&rsquo;expertise de l&rsquo;instructeur FMER.<\/li>\n<\/ol>\n<p><\/p>\n<p><strong>Pr\u00e9requis : Aucun<br \/><\/strong><\/p>\n<p><\/p>\n<h3>Champ d&rsquo;application<\/h3>\n<p><\/p>\n<p><strong>Contenu<\/strong><br \/>Exemples de sujets &#8211; Apprentissage espac\u00e9 ; intelligence artificielle (IA) dans l&rsquo;enseignement m\u00e9dical ; utilisation des technologies de l&rsquo;information (TI) dans le d\u00e9veloppement professionnel continu ; identit\u00e9 professionnelle ; mentorat ; empathie ; ressources dignes de confiance et r\u00e9sultats de l&rsquo;information en ligne sur la sant\u00e9 des consommateurs ; \u00ab comment \u00bb r\u00e9aliser des activit\u00e9s de bourses d&rsquo;\u00e9tudes en m\u00e9decine familiale, entre autres. Exemples de m\u00e9thodologies et de m\u00e9thodes &#8211; Recherche qualitative et examens ; essais contr\u00f4l\u00e9s randomis\u00e9s (ECR) \u00e9ducatifs et m\u00e9ta-analyse ; \u00e9tudes d&rsquo;observation ; recherche sur les m\u00e9thodes mixtes et examens d&rsquo;\u00e9tudes mixtes ; \u00e9tudes de cas ; conception centr\u00e9e sur l&rsquo;utilisateur\/\u00e9valuation d&rsquo;outils de prise de d\u00e9cision partag\u00e9e ; entre autres.<br \/><strong>Strat\u00e9gies d&rsquo;apprentissage<\/strong><br \/>Ils seront adapt\u00e9s \u00e0 une dyade particuli\u00e8re d&rsquo;\u00e9tudiants en m\u00e9decine et de chercheurs FMER. En tout \u00e9tat de cause, ils incluront au moins :<\/p>\n<p><\/p>\n<ol>\n<li>Lectures dirig\u00e9es sur le sujet de recherche et l&rsquo;approche m\u00e9thodologique choisis.<\/li>\n<li>Participation et\/ou visionnage des s\u00e9minaires de recherche avanc\u00e9e du FMER dont les vid\u00e9os et les diapositives sont t\u00e9l\u00e9charg\u00e9es sur la page web du FMER.<\/li>\n<li>Trois ou quatre cours obligatoires (en personne ou en ligne) d&rsquo;une dur\u00e9e d&rsquo;environ une heure chacun.<\/li>\n<\/ol>\n<p><\/p>\n<p><strong>M\u00e9thode d&rsquo;\u00e9valuation\/strong><br \/>\u00c0 la fin de l&rsquo;option, et sur la base du sujet\/de la m\u00e9thodologie discut\u00e9(e) pendant le cours, l&rsquo;\u00e9tudiant(e) sera invit\u00e9(e) \u00e0 soumettre un projet de proposition de recherche de 2 \u00e0 3 pages en interligne simple.<br \/>y compris :<\/p>\n<p><\/p>\n<ol>\n<li>Une br\u00e8ve synth\u00e8se des connaissances actuelles sur le sujet\/probl\u00e8me \u00e0 examiner<\/li>\n<li>L&rsquo;\u00e9nonc\u00e9 d&rsquo;une question de recherche pertinente<\/li>\n<li>L&rsquo;\u00e9laboration d&rsquo;un plan de recherche initial.<\/li>\n<\/ol>\n<p><\/p>\n<p><strong>Lectures recommand\u00e9es\/pr\u00e9paration<\/strong><\/p>\n<p><\/p>\n<p>La liste des lectures recommand\u00e9es d\u00e9pendra du sujet auquel l&rsquo;\u00e9tudiant s&rsquo;int\u00e9ressera. Elle sera fournie par l&rsquo;instructeur au d\u00e9but du stage.<\/p>\n<p><\/p>\n<p>Pour plus d&rsquo;informations sur la <a href=\"https:\/\/www.mcgill.ca\/ugme-electives\/elective-courses\" target=\"_blank\" rel=\"noopener\">Cours facultatifs de formation m\u00e9dicale.<\/a><\/p>\n<p><\/p>\n<p>&nbsp;<\/p>\n<p>[\/dgat_advancedtabitem][\/dgat_advancedtab][\/et_pb_column][\/et_pb_row][\/et_pb_section][et_pb_section fb_built=\u00a0\u00bb1&Prime; admin_label=\u00a0\u00bbFMER &#8211; Collaborate &#8211; English\u00a0\u00bb _builder_version=\u00a0\u00bb4.19.5&Prime; global_module=\u00a0\u00bb874&Prime; saved_tabs=\u00a0\u00bball\u00a0\u00bb global_colors_info=\u00a0\u00bb{}\u00a0\u00bb][et_pb_row column_structure=\u00a0\u00bb2_5,3_5&Prime; make_equal=\u00a0\u00bbon\u00a0\u00bb _builder_version=\u00a0\u00bb4.27.2&Prime; global_colors_info=\u00a0\u00bb{}\u00a0\u00bb][et_pb_column type=\u00a0\u00bb2_5&Prime; _builder_version=\u00a0\u00bb4.19.5&Prime; global_colors_info=\u00a0\u00bb{}\u00a0\u00bb][et_pb_text _builder_version=\u00a0\u00bb4.25.1&Prime; text_font=\u00a0\u00bb||||||||\u00a0\u00bb text_font_size=\u00a0\u00bb16px\u00a0\u00bb text_line_height=\u00a0\u00bb2em\u00a0\u00bb header_2_font=\u00a0\u00bbAbril Fatface||||||||\u00a0\u00bb header_2_font_size=\u00a0\u00bb36px\u00a0\u00bb header_2_line_height=\u00a0\u00bb1.1em\u00a0\u00bb max_width=\u00a0\u00bb640px\u00a0\u00bb text_font_size_tablet=\u00a0\u00bb\u00a0\u00bb text_font_size_phone=\u00a0\u00bb14px\u00a0\u00bb text_font_size_last_edited=\u00a0\u00bbon|desktop\u00a0\u00bb text_line_height_tablet=\u00a0\u00bb\u00a0\u00bb text_line_height_phone=\u00a0\u00bb1.6em\u00a0\u00bb text_line_height_last_edited=\u00a0\u00bbon|desktop\u00a0\u00bb header_2_font_size_tablet=\u00a0\u00bb36px\u00a0\u00bb header_2_font_size_phone=\u00a0\u00bb24px\u00a0\u00bb header_2_font_size_last_edited=\u00a0\u00bbon|phone\u00a0\u00bb locked=\u00a0\u00bboff\u00a0\u00bb global_colors_info=\u00a0\u00bb{}\u00a0\u00bb]<\/p>\n<h2>La recherche en enseignement de la m\u00e9decine familiale vous int\u00e9resse?<\/h2>\n<p><\/p>\n<p>Le domaine de l\u2019enseignement des sciences de la sant\u00e9 \u2013 et plus particuli\u00e8rement la recherche en enseignement de la m\u00e9decine familiale \u2013 est en pleine effervescence! Apprenez-en plus sur les activit\u00e9s de nos membres en naviguant sur notre site Web et d\u00e9couvrez comment vous joindre \u00e0 nous ou collaborer avec notre \u00e9quipe. <\/p>\n<p>[\/et_pb_text][et_pb_button button_url=\u00a0\u00bbhttps:\/\/fmer-remf.ca\/fr\/nous-joindre\/\u00a0\u00bb button_text=\u00a0\u00bbNous joindre\u00a0\u00bb button_alignment=\u00a0\u00bbright\u00a0\u00bb _builder_version=\u00a0\u00bb4.20.0&Prime; custom_button=\u00a0\u00bbon\u00a0\u00bb button_text_size=\u00a0\u00bb14px\u00a0\u00bb button_text_color=\u00a0\u00bb#000000&Prime; button_bg_color=\u00a0\u00bb#73a1dc\u00a0\u00bb button_border_width=\u00a0\u00bb0px\u00a0\u00bb button_border_radius=\u00a0\u00bb0px\u00a0\u00bb button_letter_spacing=\u00a0\u00bb1px\u00a0\u00bb button_font=\u00a0\u00bbOpen Sans|700|||||||\u00a0\u00bb custom_margin=\u00a0\u00bb|-60px|0px||false|false\u00a0\u00bb custom_margin_tablet=\u00a0\u00bb|0px|||false|false\u00a0\u00bb custom_margin_phone=\u00a0\u00bb\u00a0\u00bb custom_margin_last_edited=\u00a0\u00bbon|desktop\u00a0\u00bb custom_padding=\u00a0\u00bb16px|28px|16px|28px|true|true\u00a0\u00bb locked=\u00a0\u00bboff\u00a0\u00bb global_colors_info=\u00a0\u00bb{}\u00a0\u00bb][\/et_pb_button][et_pb_button button_url=\u00a0\u00bbhttps:\/\/fmer-remf.ca\/fr\/nous-joindre\/\u00a0\u00bb button_text=\u00a0\u00bbCollaborer avec le Groupe de recherche\u00a0\u00bb button_alignment=\u00a0\u00bbright\u00a0\u00bb _builder_version=\u00a0\u00bb4.20.0&Prime; custom_button=\u00a0\u00bbon\u00a0\u00bb button_text_size=\u00a0\u00bb14px\u00a0\u00bb button_text_color=\u00a0\u00bb#000000&Prime; button_bg_color=\u00a0\u00bb#73a1dc\u00a0\u00bb button_border_width=\u00a0\u00bb0px\u00a0\u00bb button_border_radius=\u00a0\u00bb0px\u00a0\u00bb button_letter_spacing=\u00a0\u00bb1px\u00a0\u00bb button_font=\u00a0\u00bbOpen Sans|700|||||||\u00a0\u00bb custom_margin=\u00a0\u00bb|-60px|0px||false|false\u00a0\u00bb custom_margin_tablet=\u00a0\u00bb|0px|||false|false\u00a0\u00bb custom_margin_phone=\u00a0\u00bb\u00a0\u00bb custom_margin_last_edited=\u00a0\u00bbon|desktop\u00a0\u00bb custom_padding=\u00a0\u00bb16px|28px|16px|28px|true|true\u00a0\u00bb locked=\u00a0\u00bboff\u00a0\u00bb global_colors_info=\u00a0\u00bb{}\u00a0\u00bb][\/et_pb_button][\/et_pb_column][et_pb_column type=\u00a0\u00bb3_5&Prime; _builder_version=\u00a0\u00bb4.27.2&Prime; background_enable_image=\u00a0\u00bboff\u00a0\u00bb background_size=\u00a0\u00bbcontain\u00a0\u00bb background_position=\u00a0\u00bbbottom_center\u00a0\u00bb custom_padding=\u00a0\u00bb106px||||false|false\u00a0\u00bb border_radii=\u00a0\u00bboff|5px|5px||\u00a0\u00bb global_colors_info=\u00a0\u00bb{}\u00a0\u00bb][et_pb_divider show_divider=\u00a0\u00bboff\u00a0\u00bb _builder_version=\u00a0\u00bb4.16&Prime; height_tablet=\u00a0\u00bb300px\u00a0\u00bb height_phone=\u00a0\u00bb200px\u00a0\u00bb height_last_edited=\u00a0\u00bbon|desktop\u00a0\u00bb global_colors_info=\u00a0\u00bb{}\u00a0\u00bb][\/et_pb_divider][et_pb_image src=\u00a0\u00bbhttps:\/\/fmer-remf.ca\/wp-content\/uploads\/FMER-group-portrait_composite_copy-1_3-scaled.jpg\u00a0\u00bb _builder_version=\u00a0\u00bb4.27.2&Prime; _module_preset=\u00a0\u00bbdefault\u00a0\u00bb border_radii=\u00a0\u00bboff|5px|5px||\u00a0\u00bb global_colors_info=\u00a0\u00bb{}\u00a0\u00bb][\/et_pb_image][et_pb_text _builder_version=\u00a0\u00bb4.27.2&Prime; text_font=\u00a0\u00bb||||||||\u00a0\u00bb text_font_size=\u00a0\u00bb16px\u00a0\u00bb text_line_height=\u00a0\u00bb2em\u00a0\u00bb header_2_font=\u00a0\u00bbAbril Fatface||||||||\u00a0\u00bb header_2_font_size=\u00a0\u00bb36px\u00a0\u00bb header_2_line_height=\u00a0\u00bb1.1em\u00a0\u00bb max_width=\u00a0\u00bb640px\u00a0\u00bb text_font_size_tablet=\u00a0\u00bb\u00a0\u00bb text_font_size_phone=\u00a0\u00bb14px\u00a0\u00bb text_font_size_last_edited=\u00a0\u00bbon|desktop\u00a0\u00bb text_line_height_tablet=\u00a0\u00bb\u00a0\u00bb text_line_height_phone=\u00a0\u00bb1.6em\u00a0\u00bb text_line_height_last_edited=\u00a0\u00bbon|desktop\u00a0\u00bb header_2_font_size_tablet=\u00a0\u00bb36px\u00a0\u00bb header_2_font_size_phone=\u00a0\u00bb24px\u00a0\u00bb header_2_font_size_last_edited=\u00a0\u00bbon|phone\u00a0\u00bb locked=\u00a0\u00bboff\u00a0\u00bb global_colors_info=\u00a0\u00bb{}\u00a0\u00bb]<\/p>\n<p style=\"text-align: center;\">Les membres fondateurs de FMER (photo de Heidi Hollinger, juin 2015)<\/p>\n<p>[\/et_pb_text][\/et_pb_column][\/et_pb_row][\/et_pb_section]<\/p>\n","protected":false},"excerpt":{"rendered":"<p>Cours facultatif d&rsquo;\u00e9ducation m\u00e9dicale : Recherche sur l&rsquo;\u00e9ducation en m\u00e9decine familialeIntroductionIntroduction \u00e0 la recherche sur l&rsquo;\u00e9ducation en m\u00e9decine familiale est un cours facultatif de recherche d\u00e9velopp\u00e9 par les chercheurs du [&hellip;]<\/p>\n","protected":false},"author":1,"featured_media":0,"parent":279788,"menu_order":20,"comment_status":"closed","ping_status":"closed","template":"","meta":{"_et_pb_use_builder":"on","_et_pb_old_content":"","_et_gb_content_width":"","_monsterinsights_skip_tracking":false,"_monsterinsights_sitenote_active":false,"_monsterinsights_sitenote_note":"","_monsterinsights_sitenote_category":0,"footnotes":""},"class_list":["post-279794","page","type-page","status-publish","hentry"],"_links":{"self":[{"href":"https:\/\/fmer-remf.ca\/fr\/wp-json\/wp\/v2\/pages\/279794","targetHints":{"allow":["GET"]}}],"collection":[{"href":"https:\/\/fmer-remf.ca\/fr\/wp-json\/wp\/v2\/pages"}],"about":[{"href":"https:\/\/fmer-remf.ca\/fr\/wp-json\/wp\/v2\/types\/page"}],"author":[{"embeddable":true,"href":"https:\/\/fmer-remf.ca\/fr\/wp-json\/wp\/v2\/users\/1"}],"replies":[{"embeddable":true,"href":"https:\/\/fmer-remf.ca\/fr\/wp-json\/wp\/v2\/comments?post=279794"}],"version-history":[{"count":4,"href":"https:\/\/fmer-remf.ca\/fr\/wp-json\/wp\/v2\/pages\/279794\/revisions"}],"predecessor-version":[{"id":282137,"href":"https:\/\/fmer-remf.ca\/fr\/wp-json\/wp\/v2\/pages\/279794\/revisions\/282137"}],"up":[{"embeddable":true,"href":"https:\/\/fmer-remf.ca\/fr\/wp-json\/wp\/v2\/pages\/279788"}],"wp:attachment":[{"href":"https:\/\/fmer-remf.ca\/fr\/wp-json\/wp\/v2\/media?parent=279794"}],"curies":[{"name":"wp","href":"https:\/\/api.w.org\/{rel}","templated":true}]}}