{"id":279851,"date":"2024-05-17T21:27:41","date_gmt":"2024-05-17T21:27:41","guid":{"rendered":"https:\/\/fmer-remf.ca\/recherche\/application-des-connaissances\/"},"modified":"2025-03-18T23:42:38","modified_gmt":"2025-03-18T23:42:38","slug":"application-des-connaissances","status":"publish","type":"page","link":"https:\/\/fmer-remf.ca\/fr\/application-des-connaissances\/","title":{"rendered":"Application des connaissances"},"content":{"rendered":"<p>[et_pb_section fb_built=\u00a0\u00bb1&Prime; admin_label=\u00a0\u00bbPage Title Section\u00a0\u00bb _builder_version=\u00a0\u00bb4.25.1&Prime; background_color_gradient_direction=\u00a0\u00bb115deg\u00a0\u00bb background_image=\u00a0\u00bbhttps:\/\/fmer-remf.ca\/wp-content\/uploads\/FMER-KT-header.jpg\u00a0\u00bb custom_padding=\u00a0\u00bb150px||0px|\u00a0\u00bb global_colors_info=\u00a0\u00bb{}\u00a0\u00bb][et_pb_row _builder_version=\u00a0\u00bb4.19.5&Prime; background_color=\u00a0\u00bbrgba(56,62,89,0.91)\u00a0\u00bb background_size=\u00a0\u00bbinitial\u00a0\u00bb background_position=\u00a0\u00bbtop_left\u00a0\u00bb background_repeat=\u00a0\u00bbrepeat\u00a0\u00bb max_width=\u00a0\u00bb960px\u00a0\u00bb custom_margin=\u00a0\u00bb|||0px\u00a0\u00bb custom_padding=\u00a0\u00bb27px|40px||10%\u00a0\u00bb animation_style=\u00a0\u00bbslide\u00a0\u00bb animation_direction=\u00a0\u00bbleft\u00a0\u00bb animation_intensity_slide=\u00a0\u00bb2%\u00a0\u00bb border_radii=\u00a0\u00bb||6px|6px|\u00a0\u00bb border_width_right=\u00a0\u00bb30px\u00a0\u00bb border_color_right=\u00a0\u00bb#7da4e9&Prime; use_custom_width=\u00a0\u00bbon\u00a0\u00bb custom_width_px=\u00a0\u00bb960px\u00a0\u00bb locked=\u00a0\u00bboff\u00a0\u00bb global_colors_info=\u00a0\u00bb{}\u00a0\u00bb][et_pb_column type=\u00a0\u00bb4_4&Prime; _builder_version=\u00a0\u00bb4.16&Prime; custom_padding=\u00a0\u00bb|||\u00a0\u00bb custom_padding_tablet=\u00a0\u00bb|||10%\u00a0\u00bb custom_padding_last_edited=\u00a0\u00bboff|desktop\u00a0\u00bb global_colors_info=\u00a0\u00bb{}\u00a0\u00bb padding_tablet=\u00a0\u00bb|||10%\u00a0\u00bb padding_last_edited=\u00a0\u00bboff|desktop\u00a0\u00bb custom_padding__hover=\u00a0\u00bb|||\u00a0\u00bb][et_pb_text admin_label=\u00a0\u00bbTitle\u00a0\u00bb _builder_version=\u00a0\u00bb4.27.4&Prime; text_font=\u00a0\u00bb||||||||\u00a0\u00bb header_font=\u00a0\u00bbAbhaya Libre|700|||||||\u00a0\u00bb header_font_size=\u00a0\u00bb70px\u00a0\u00bb header_line_height=\u00a0\u00bb1.2em\u00a0\u00bb header_4_font=\u00a0\u00bb||||||||\u00a0\u00bb background_layout=\u00a0\u00bbdark\u00a0\u00bb custom_margin=\u00a0\u00bb|||\u00a0\u00bb custom_padding=\u00a0\u00bb|||\u00a0\u00bb header_font_size_tablet=\u00a0\u00bb40px\u00a0\u00bb header_font_size_phone=\u00a0\u00bb28px\u00a0\u00bb header_font_size_last_edited=\u00a0\u00bbon|phone\u00a0\u00bb global_colors_info=\u00a0\u00bb{}\u00a0\u00bb]<\/p>\n<h1>Application des connaissances<\/h1>\n<p>[\/et_pb_text][\/et_pb_column][\/et_pb_row][\/et_pb_section][et_pb_section fb_built=\u00a0\u00bb1&Prime; _builder_version=\u00a0\u00bb4.21.0&Prime; _module_preset=\u00a0\u00bbdefault\u00a0\u00bb custom_padding=\u00a0\u00bb25px||0px|||\u00a0\u00bb global_colors_info=\u00a0\u00bb{}\u00a0\u00bb][et_pb_row _builder_version=\u00a0\u00bb4.21.0&Prime; _module_preset=\u00a0\u00bbdefault\u00a0\u00bb global_colors_info=\u00a0\u00bb{}\u00a0\u00bb][et_pb_column type=\u00a0\u00bb4_4&Prime; _builder_version=\u00a0\u00bb4.21.0&Prime; _module_preset=\u00a0\u00bbdefault\u00a0\u00bb global_colors_info=\u00a0\u00bb{}\u00a0\u00bb][et_pb_text _builder_version=\u00a0\u00bb4.25.1&Prime; _module_preset=\u00a0\u00bbdefault\u00a0\u00bb text_font_size=\u00a0\u00bb16px\u00a0\u00bb custom_padding=\u00a0\u00bb||0px|||\u00a0\u00bb global_colors_info=\u00a0\u00bb{}\u00a0\u00bb]<\/p>\n<p>Nos initiatives d\u2019application des connaissances jettent les ponts entre les r\u00e9sultats de recherche et la pratique en m\u00e9decine familiale. Nous mettons tout en \u0153uvre pour assurer la diffusion efficace et l\u2019adoption des plus r\u00e9centes pratiques bas\u00e9es sur les donn\u00e9es probantes, dans le but d\u2019am\u00e9liorer les soins prodigu\u00e9s \u00e0 la patient\u00e8le et les r\u00e9sultats obtenus. Ce processus n\u00e9cessite une approche multifacette qui comprend l\u2019\u00e9laboration de ressources \u00e9ducatives, la facilitation des occasions de perfectionnement professionnel et la collaboration active avec les professionnels et professionnelles de la sant\u00e9 et les parties prenantes du milieu. En favorisant une culture d\u2019apprentissage continu et d\u2019adaptation, nous entendons transformer les r\u00e9sultats de recherche en am\u00e9liorations des soins primaires dans le monde r\u00e9el qui profiteront ultimement \u00e0 la patient\u00e8le, aux familles et aux collectivit\u00e9s. <\/p>\n<p>&nbsp;<\/p>\n<p>[\/et_pb_text][\/et_pb_column][\/et_pb_row][\/et_pb_section][et_pb_section fb_built=\u00a0\u00bb1&Prime; admin_label=\u00a0\u00bbFeatures\u00a0\u00bb _builder_version=\u00a0\u00bb4.21.0&Prime; min_height=\u00a0\u00bb427.8px\u00a0\u00bb custom_padding=\u00a0\u00bb0px||||false|false\u00a0\u00bb locked=\u00a0\u00bboff\u00a0\u00bb global_colors_info=\u00a0\u00bb{}\u00a0\u00bb][et_pb_row column_structure=\u00a0\u00bb1_5,1_5,1_5,1_5,1_5&Prime; use_custom_gutter=\u00a0\u00bbon\u00a0\u00bb gutter_width=\u00a0\u00bb2&Prime; custom_padding_last_edited=\u00a0\u00bbon|desktop\u00a0\u00bb _builder_version=\u00a0\u00bb4.27.4&Prime; max_width=\u00a0\u00bbnone\u00a0\u00bb custom_padding=\u00a0\u00bb||||false|false\u00a0\u00bb custom_padding_tablet=\u00a0\u00bb|||0px|false|false\u00a0\u00bb custom_padding_phone=\u00a0\u00bb\u00a0\u00bb global_colors_info=\u00a0\u00bb{}\u00a0\u00bb][et_pb_column type=\u00a0\u00bb1_5&Prime; _builder_version=\u00a0\u00bb4.16&Prime; global_colors_info=\u00a0\u00bb{}\u00a0\u00bb][et_pb_blurb title=\u00a0\u00bbArticles scientifiques\u00a0\u00bb url=\u00a0\u00bbhttps:\/\/fmer-remf.ca\/fr\/application-des-connaissances\/articles-scientifiques\/\u00a0\u00bb image=\u00a0\u00bbhttps:\/\/fmer-remf.ca\/wp-content\/uploads\/FMER-Publications-Header-for-Button.jpg\u00a0\u00bb _builder_version=\u00a0\u00bb4.27.4&Prime; header_font=\u00a0\u00bb|700|||||||\u00a0\u00bb header_line_height=\u00a0\u00bb1.5em\u00a0\u00bb background_color=\u00a0\u00bb#73A1DB\u00a0\u00bb transform_translate_linked__hover=\u00a0\u00bboff\u00a0\u00bb text_orientation=\u00a0\u00bbcenter\u00a0\u00bb animation=\u00a0\u00bboff\u00a0\u00bb link_option_url=\u00a0\u00bbhttps:\/\/fmer-remf.ca\/fr\/application-des-connaissances\/articles-scientifiques\/\u00a0\u00bb header_font_size_tablet=\u00a0\u00bb16px\u00a0\u00bb header_font_size_phone=\u00a0\u00bb14px\u00a0\u00bb header_font_size_last_edited=\u00a0\u00bbon|phone\u00a0\u00bb border_radii=\u00a0\u00bbon|5px|5px|5px|5px\u00a0\u00bb locked=\u00a0\u00bboff\u00a0\u00bb global_colors_info=\u00a0\u00bb{}\u00a0\u00bb custom_margin__hover_enabled=\u00a0\u00bboff\u00a0\u00bb custom_margin__hover=\u00a0\u00bb||||false|false\u00a0\u00bb transform_styles__hover_enabled=\u00a0\u00bbon\u00a0\u00bb transform_scale__hover_enabled=\u00a0\u00bbon\u00a0\u00bb transform_translate__hover_enabled=\u00a0\u00bbon\u00a0\u00bb transform_rotate__hover_enabled=\u00a0\u00bbon\u00a0\u00bb transform_skew__hover_enabled=\u00a0\u00bbon\u00a0\u00bb transform_origin__hover_enabled=\u00a0\u00bbon\u00a0\u00bb transform_translate__hover=\u00a0\u00bb0px|-10px\u00a0\u00bb][\/et_pb_blurb][\/et_pb_column][et_pb_column type=\u00a0\u00bb1_5&Prime; _builder_version=\u00a0\u00bb4.16&Prime; global_colors_info=\u00a0\u00bb{}\u00a0\u00bb][et_pb_blurb title=\u00a0\u00bbConf\u00e9rences\u00a0\u00bb url=\u00a0\u00bbhttps:\/\/fmer-remf.ca\/fr\/application-des-connaissances\/conferences\/\u00a0\u00bb image=\u00a0\u00bbhttps:\/\/fmer-remf.ca\/wp-content\/uploads\/FMER-Conference-Button.jpg\u00a0\u00bb _builder_version=\u00a0\u00bb4.27.4&Prime; header_font=\u00a0\u00bb|700|||||||\u00a0\u00bb header_line_height=\u00a0\u00bb1.5em\u00a0\u00bb background_color=\u00a0\u00bb#73A1DB\u00a0\u00bb transform_translate_linked__hover=\u00a0\u00bboff\u00a0\u00bb text_orientation=\u00a0\u00bbcenter\u00a0\u00bb animation=\u00a0\u00bboff\u00a0\u00bb link_option_url=\u00a0\u00bbhttps:\/\/fmer-remf.ca\/fr\/application-des-connaissances\/conferences\/\u00a0\u00bb header_font_size_tablet=\u00a0\u00bb16px\u00a0\u00bb header_font_size_phone=\u00a0\u00bb14px\u00a0\u00bb header_font_size_last_edited=\u00a0\u00bbon|phone\u00a0\u00bb border_radii=\u00a0\u00bbon|5px|5px|5px|5px\u00a0\u00bb locked=\u00a0\u00bboff\u00a0\u00bb global_colors_info=\u00a0\u00bb{}\u00a0\u00bb transform_styles__hover_enabled=\u00a0\u00bbon\u00a0\u00bb transform_scale__hover_enabled=\u00a0\u00bbon\u00a0\u00bb transform_translate__hover=\u00a0\u00bb0px|-10px\u00a0\u00bb transform_translate__hover_enabled=\u00a0\u00bbon\u00a0\u00bb transform_rotate__hover_enabled=\u00a0\u00bbon\u00a0\u00bb transform_skew__hover_enabled=\u00a0\u00bbon\u00a0\u00bb transform_origin__hover_enabled=\u00a0\u00bbon\u00a0\u00bb][\/et_pb_blurb][\/et_pb_column][et_pb_column type=\u00a0\u00bb1_5&Prime; _builder_version=\u00a0\u00bb4.16&Prime; global_colors_info=\u00a0\u00bb{}\u00a0\u00bb][et_pb_blurb title=\u00a0\u00bbDiscussions en panel\u00a0\u00bb url=\u00a0\u00bbhttps:\/\/fmer-remf.ca\/fr\/application-des-connaissances\/discussions-en-panel\/\u00a0\u00bb image=\u00a0\u00bbhttps:\/\/fmer-remf.ca\/wp-content\/uploads\/FMER-Panel-Button.jpg\u00a0\u00bb _builder_version=\u00a0\u00bb4.27.4&Prime; header_font=\u00a0\u00bb|700|||||||\u00a0\u00bb header_line_height=\u00a0\u00bb1.5em\u00a0\u00bb background_color=\u00a0\u00bb#73A1DB\u00a0\u00bb transform_translate_linked__hover=\u00a0\u00bboff\u00a0\u00bb text_orientation=\u00a0\u00bbcenter\u00a0\u00bb animation=\u00a0\u00bboff\u00a0\u00bb link_option_url=\u00a0\u00bbhttps:\/\/fmer-remf.ca\/fr\/application-des-connaissances\/discussions-en-panel\/\u00a0\u00bb hover_enabled=\u00a0\u00bb0&Prime; header_font_size_tablet=\u00a0\u00bb16px\u00a0\u00bb header_font_size_phone=\u00a0\u00bb14px\u00a0\u00bb header_font_size_last_edited=\u00a0\u00bbon|phone\u00a0\u00bb border_radii=\u00a0\u00bbon|5px|5px|5px|5px\u00a0\u00bb locked=\u00a0\u00bboff\u00a0\u00bb global_colors_info=\u00a0\u00bb{}\u00a0\u00bb transform_styles__hover_enabled=\u00a0\u00bbon\u00a0\u00bb transform_scale__hover_enabled=\u00a0\u00bbon\u00a0\u00bb transform_translate__hover=\u00a0\u00bb0px|-10px\u00a0\u00bb transform_translate__hover_enabled=\u00a0\u00bbon\u00a0\u00bb transform_rotate__hover_enabled=\u00a0\u00bbon\u00a0\u00bb transform_skew__hover_enabled=\u00a0\u00bbon\u00a0\u00bb transform_origin__hover_enabled=\u00a0\u00bbon\u00a0\u00bb sticky_enabled=\u00a0\u00bb0&Prime;][\/et_pb_blurb][\/et_pb_column][et_pb_column type=\u00a0\u00bb1_5&Prime; _builder_version=\u00a0\u00bb4.16&Prime; global_colors_info=\u00a0\u00bb{}\u00a0\u00bb][et_pb_blurb title=\u00a0\u00bbWebinaires\u00a0\u00bb url=\u00a0\u00bbhttps:\/\/fmer-remf.ca\/fr\/application-des-connaissances\/seminaires\/\u00a0\u00bb image=\u00a0\u00bbhttps:\/\/fmer-remf.ca\/wp-content\/uploads\/FMER-Seminars-Button2.jpg\u00a0\u00bb _builder_version=\u00a0\u00bb4.27.4&Prime; header_font=\u00a0\u00bb|700|||||||\u00a0\u00bb header_line_height=\u00a0\u00bb1.5em\u00a0\u00bb background_color=\u00a0\u00bb#73A1DB\u00a0\u00bb transform_translate_linked__hover=\u00a0\u00bboff\u00a0\u00bb text_orientation=\u00a0\u00bbcenter\u00a0\u00bb animation=\u00a0\u00bboff\u00a0\u00bb link_option_url=\u00a0\u00bbhttps:\/\/fmer-remf.ca\/fr\/application-des-connaissances\/seminaires\/\u00a0\u00bb header_font_size_tablet=\u00a0\u00bb16px\u00a0\u00bb header_font_size_phone=\u00a0\u00bb14px\u00a0\u00bb header_font_size_last_edited=\u00a0\u00bbon|phone\u00a0\u00bb border_radii=\u00a0\u00bbon|5px|5px|5px|5px\u00a0\u00bb locked=\u00a0\u00bboff\u00a0\u00bb global_colors_info=\u00a0\u00bb{}\u00a0\u00bb transform_styles__hover_enabled=\u00a0\u00bbon\u00a0\u00bb transform_scale__hover_enabled=\u00a0\u00bbon\u00a0\u00bb transform_translate__hover=\u00a0\u00bb0px|-10px\u00a0\u00bb transform_translate__hover_enabled=\u00a0\u00bbon\u00a0\u00bb transform_rotate__hover_enabled=\u00a0\u00bbon\u00a0\u00bb transform_skew__hover_enabled=\u00a0\u00bbon\u00a0\u00bb transform_origin__hover_enabled=\u00a0\u00bbon\u00a0\u00bb][\/et_pb_blurb][\/et_pb_column][et_pb_column type=\u00a0\u00bb1_5&Prime; _builder_version=\u00a0\u00bb4.16&Prime; global_colors_info=\u00a0\u00bb{}\u00a0\u00bb][et_pb_blurb title=\u00a0\u00bbAteliers\u00a0\u00bb url=\u00a0\u00bbhttps:\/\/fmer-remf.ca\/fr\/application-des-connaissances\/ateliers\/\u00a0\u00bb image=\u00a0\u00bbhttps:\/\/fmer-remf.ca\/wp-content\/uploads\/FMER-Workshop-Button.jpg\u00a0\u00bb _builder_version=\u00a0\u00bb4.27.4&Prime; header_font=\u00a0\u00bb|700|||||||\u00a0\u00bb header_line_height=\u00a0\u00bb1.5em\u00a0\u00bb background_color=\u00a0\u00bb#73A1DB\u00a0\u00bb transform_translate_linked__hover=\u00a0\u00bboff\u00a0\u00bb text_orientation=\u00a0\u00bbcenter\u00a0\u00bb animation=\u00a0\u00bboff\u00a0\u00bb link_option_url=\u00a0\u00bbhttps:\/\/fmer-remf.ca\/fr\/application-des-connaissances\/ateliers\/\u00a0\u00bb header_font_size_tablet=\u00a0\u00bb16px\u00a0\u00bb header_font_size_phone=\u00a0\u00bb14px\u00a0\u00bb header_font_size_last_edited=\u00a0\u00bbon|phone\u00a0\u00bb border_radii=\u00a0\u00bbon|5px|5px|5px|5px\u00a0\u00bb locked=\u00a0\u00bboff\u00a0\u00bb global_colors_info=\u00a0\u00bb{}\u00a0\u00bb transform_styles__hover_enabled=\u00a0\u00bbon\u00a0\u00bb transform_scale__hover_enabled=\u00a0\u00bbon\u00a0\u00bb transform_translate__hover=\u00a0\u00bb0px|-10px\u00a0\u00bb transform_translate__hover_enabled=\u00a0\u00bbon\u00a0\u00bb transform_rotate__hover_enabled=\u00a0\u00bbon\u00a0\u00bb transform_skew__hover_enabled=\u00a0\u00bbon\u00a0\u00bb transform_origin__hover_enabled=\u00a0\u00bbon\u00a0\u00bb][\/et_pb_blurb][\/et_pb_column][\/et_pb_row][\/et_pb_section][et_pb_section fb_built=\u00a0\u00bb1&Prime; admin_label=\u00a0\u00bbFMER &#8211; Collaborate &#8211; English\u00a0\u00bb _builder_version=\u00a0\u00bb4.19.5&Prime; saved_tabs=\u00a0\u00bball\u00a0\u00bb global_colors_info=\u00a0\u00bb{}\u00a0\u00bb][et_pb_row column_structure=\u00a0\u00bb2_5,3_5&Prime; make_equal=\u00a0\u00bbon\u00a0\u00bb _builder_version=\u00a0\u00bb4.27.2&Prime; global_colors_info=\u00a0\u00bb{}\u00a0\u00bb][et_pb_column type=\u00a0\u00bb2_5&Prime; _builder_version=\u00a0\u00bb4.19.5&Prime; global_colors_info=\u00a0\u00bb{}\u00a0\u00bb][et_pb_text _builder_version=\u00a0\u00bb4.25.1&Prime; text_font=\u00a0\u00bb||||||||\u00a0\u00bb text_font_size=\u00a0\u00bb16px\u00a0\u00bb text_line_height=\u00a0\u00bb2em\u00a0\u00bb header_2_font=\u00a0\u00bbAbril Fatface||||||||\u00a0\u00bb header_2_font_size=\u00a0\u00bb36px\u00a0\u00bb header_2_line_height=\u00a0\u00bb1.1em\u00a0\u00bb max_width=\u00a0\u00bb640px\u00a0\u00bb text_font_size_tablet=\u00a0\u00bb\u00a0\u00bb text_font_size_phone=\u00a0\u00bb14px\u00a0\u00bb text_font_size_last_edited=\u00a0\u00bbon|desktop\u00a0\u00bb text_line_height_tablet=\u00a0\u00bb\u00a0\u00bb text_line_height_phone=\u00a0\u00bb1.6em\u00a0\u00bb text_line_height_last_edited=\u00a0\u00bbon|desktop\u00a0\u00bb header_2_font_size_tablet=\u00a0\u00bb36px\u00a0\u00bb header_2_font_size_phone=\u00a0\u00bb24px\u00a0\u00bb header_2_font_size_last_edited=\u00a0\u00bbon|phone\u00a0\u00bb locked=\u00a0\u00bboff\u00a0\u00bb global_colors_info=\u00a0\u00bb{}\u00a0\u00bb]<\/p>\n<h2>La recherche en enseignement de la m\u00e9decine familiale vous int\u00e9resse?<\/h2>\n<p>Le domaine de l\u2019enseignement des sciences de la sant\u00e9 \u2013 et plus particuli\u00e8rement la recherche en enseignement de la m\u00e9decine familiale \u2013 est en pleine effervescence! Apprenez-en plus sur les activit\u00e9s de nos membres en naviguant sur notre site Web et d\u00e9couvrez comment vous joindre \u00e0 nous ou collaborer avec notre \u00e9quipe.<\/p>\n<p>[\/et_pb_text][et_pb_button button_url=\u00a0\u00bbhttps:\/\/fmer-remf.ca\/fr\/nous-joindre\/\u00a0\u00bb button_text=\u00a0\u00bbNous joindre\u00a0\u00bb button_alignment=\u00a0\u00bbright\u00a0\u00bb _builder_version=\u00a0\u00bb4.20.0&Prime; custom_button=\u00a0\u00bbon\u00a0\u00bb button_text_size=\u00a0\u00bb14px\u00a0\u00bb button_text_color=\u00a0\u00bb#000000&Prime; button_bg_color=\u00a0\u00bb#73a1dc\u00a0\u00bb button_border_width=\u00a0\u00bb0px\u00a0\u00bb button_border_radius=\u00a0\u00bb0px\u00a0\u00bb button_letter_spacing=\u00a0\u00bb1px\u00a0\u00bb button_font=\u00a0\u00bbOpen Sans|700|||||||\u00a0\u00bb custom_margin=\u00a0\u00bb|-60px|0px||false|false\u00a0\u00bb custom_margin_tablet=\u00a0\u00bb|0px|||false|false\u00a0\u00bb custom_margin_phone=\u00a0\u00bb\u00a0\u00bb custom_margin_last_edited=\u00a0\u00bbon|desktop\u00a0\u00bb custom_padding=\u00a0\u00bb16px|28px|16px|28px|true|true\u00a0\u00bb locked=\u00a0\u00bboff\u00a0\u00bb global_colors_info=\u00a0\u00bb{}\u00a0\u00bb][\/et_pb_button][et_pb_button button_url=\u00a0\u00bbhttps:\/\/fmer-remf.ca\/fr\/nous-joindre\/\u00a0\u00bb button_text=\u00a0\u00bbCollaborer avec le Groupe de recherche\u00a0\u00bb button_alignment=\u00a0\u00bbright\u00a0\u00bb _builder_version=\u00a0\u00bb4.20.0&Prime; custom_button=\u00a0\u00bbon\u00a0\u00bb button_text_size=\u00a0\u00bb14px\u00a0\u00bb button_text_color=\u00a0\u00bb#000000&Prime; button_bg_color=\u00a0\u00bb#73a1dc\u00a0\u00bb button_border_width=\u00a0\u00bb0px\u00a0\u00bb button_border_radius=\u00a0\u00bb0px\u00a0\u00bb button_letter_spacing=\u00a0\u00bb1px\u00a0\u00bb button_font=\u00a0\u00bbOpen Sans|700|||||||\u00a0\u00bb custom_margin=\u00a0\u00bb|-60px|0px||false|false\u00a0\u00bb custom_margin_tablet=\u00a0\u00bb|0px|||false|false\u00a0\u00bb custom_margin_phone=\u00a0\u00bb\u00a0\u00bb custom_margin_last_edited=\u00a0\u00bbon|desktop\u00a0\u00bb custom_padding=\u00a0\u00bb16px|28px|16px|28px|true|true\u00a0\u00bb locked=\u00a0\u00bboff\u00a0\u00bb global_colors_info=\u00a0\u00bb{}\u00a0\u00bb][\/et_pb_button][\/et_pb_column][et_pb_column type=\u00a0\u00bb3_5&Prime; _builder_version=\u00a0\u00bb4.27.2&Prime; background_enable_image=\u00a0\u00bboff\u00a0\u00bb background_size=\u00a0\u00bbcontain\u00a0\u00bb background_position=\u00a0\u00bbbottom_center\u00a0\u00bb custom_padding=\u00a0\u00bb106px||||false|false\u00a0\u00bb border_radii=\u00a0\u00bboff|5px|5px||\u00a0\u00bb global_colors_info=\u00a0\u00bb{}\u00a0\u00bb][et_pb_divider show_divider=\u00a0\u00bboff\u00a0\u00bb _builder_version=\u00a0\u00bb4.16&Prime; height_tablet=\u00a0\u00bb300px\u00a0\u00bb height_phone=\u00a0\u00bb200px\u00a0\u00bb height_last_edited=\u00a0\u00bbon|desktop\u00a0\u00bb global_colors_info=\u00a0\u00bb{}\u00a0\u00bb][\/et_pb_divider][et_pb_image src=\u00a0\u00bbhttps:\/\/fmer-remf.ca\/wp-content\/uploads\/FMER-group-portrait_composite_copy-1_3-scaled.jpg\u00a0\u00bb _builder_version=\u00a0\u00bb4.27.2&Prime; _module_preset=\u00a0\u00bbdefault\u00a0\u00bb border_radii=\u00a0\u00bboff|5px|5px||\u00a0\u00bb global_colors_info=\u00a0\u00bb{}\u00a0\u00bb][\/et_pb_image][et_pb_text _builder_version=\u00a0\u00bb4.27.2&Prime; text_font=\u00a0\u00bb||||||||\u00a0\u00bb text_font_size=\u00a0\u00bb16px\u00a0\u00bb text_line_height=\u00a0\u00bb2em\u00a0\u00bb header_2_font=\u00a0\u00bbAbril Fatface||||||||\u00a0\u00bb header_2_font_size=\u00a0\u00bb36px\u00a0\u00bb header_2_line_height=\u00a0\u00bb1.1em\u00a0\u00bb max_width=\u00a0\u00bb640px\u00a0\u00bb text_font_size_tablet=\u00a0\u00bb\u00a0\u00bb text_font_size_phone=\u00a0\u00bb14px\u00a0\u00bb text_font_size_last_edited=\u00a0\u00bbon|desktop\u00a0\u00bb text_line_height_tablet=\u00a0\u00bb\u00a0\u00bb text_line_height_phone=\u00a0\u00bb1.6em\u00a0\u00bb text_line_height_last_edited=\u00a0\u00bbon|desktop\u00a0\u00bb header_2_font_size_tablet=\u00a0\u00bb36px\u00a0\u00bb header_2_font_size_phone=\u00a0\u00bb24px\u00a0\u00bb header_2_font_size_last_edited=\u00a0\u00bbon|phone\u00a0\u00bb locked=\u00a0\u00bboff\u00a0\u00bb global_colors_info=\u00a0\u00bb{}\u00a0\u00bb]<\/p>\n<p style=\"text-align: center;\">Les membres fondateurs de FMER (photo de Heidi Hollinger, juin 2015)<\/p>\n<p>[\/et_pb_text][\/et_pb_column][\/et_pb_row][\/et_pb_section]<\/p>\n","protected":false},"excerpt":{"rendered":"<p>Application des connaissancesNos initiatives d\u2019application des connaissances jettent les ponts entre les r\u00e9sultats de recherche et la pratique en m\u00e9decine familiale. Nous mettons tout en \u0153uvre pour assurer la diffusion [&hellip;]<\/p>\n","protected":false},"author":1,"featured_media":0,"parent":0,"menu_order":20,"comment_status":"closed","ping_status":"closed","template":"","meta":{"_et_pb_use_builder":"on","_et_pb_old_content":"","_et_gb_content_width":"","_monsterinsights_skip_tracking":false,"_monsterinsights_sitenote_active":false,"_monsterinsights_sitenote_note":"","_monsterinsights_sitenote_category":0,"footnotes":""},"class_list":["post-279851","page","type-page","status-publish","hentry"],"_links":{"self":[{"href":"https:\/\/fmer-remf.ca\/fr\/wp-json\/wp\/v2\/pages\/279851","targetHints":{"allow":["GET"]}}],"collection":[{"href":"https:\/\/fmer-remf.ca\/fr\/wp-json\/wp\/v2\/pages"}],"about":[{"href":"https:\/\/fmer-remf.ca\/fr\/wp-json\/wp\/v2\/types\/page"}],"author":[{"embeddable":true,"href":"https:\/\/fmer-remf.ca\/fr\/wp-json\/wp\/v2\/users\/1"}],"replies":[{"embeddable":true,"href":"https:\/\/fmer-remf.ca\/fr\/wp-json\/wp\/v2\/comments?post=279851"}],"version-history":[{"count":11,"href":"https:\/\/fmer-remf.ca\/fr\/wp-json\/wp\/v2\/pages\/279851\/revisions"}],"predecessor-version":[{"id":281570,"href":"https:\/\/fmer-remf.ca\/fr\/wp-json\/wp\/v2\/pages\/279851\/revisions\/281570"}],"wp:attachment":[{"href":"https:\/\/fmer-remf.ca\/fr\/wp-json\/wp\/v2\/media?parent=279851"}],"curies":[{"name":"wp","href":"https:\/\/api.w.org\/{rel}","templated":true}]}}