{"id":281690,"date":"2025-04-04T20:06:01","date_gmt":"2025-04-04T20:06:01","guid":{"rendered":"https:\/\/fmer-remf.ca\/?page_id=281690"},"modified":"2025-09-05T21:25:29","modified_gmt":"2025-09-05T21:25:29","slug":"notre-equipe-2","status":"publish","type":"page","link":"https:\/\/fmer-remf.ca\/fr\/le-groupe-de-recherche\/notre-equipe-2\/","title":{"rendered":"Nos anciens chercheurs"},"content":{"rendered":"<p>[et_pb_section fb_built=\u00a0\u00bb1&Prime; admin_label=\u00a0\u00bbPage Title Section\u00a0\u00bb _builder_version=\u00a0\u00bb4.19.5&Prime; background_color_gradient_direction=\u00a0\u00bb115deg\u00a0\u00bb background_image=\u00a0\u00bbhttps:\/\/fmer-remf.ca\/wp-content\/uploads\/FMER-Team-Background-2.jpg\u00a0\u00bb max_width=\u00a0\u00bb100%\u00a0\u00bb custom_padding=\u00a0\u00bb150px||0px|\u00a0\u00bb global_colors_info=\u00a0\u00bb{}\u00a0\u00bb][et_pb_row make_equal=\u00a0\u00bbon\u00a0\u00bb _builder_version=\u00a0\u00bb4.19.5&Prime; background_color=\u00a0\u00bbrgba(56,62,89,0.91)\u00a0\u00bb background_size=\u00a0\u00bbinitial\u00a0\u00bb background_position=\u00a0\u00bbtop_left\u00a0\u00bb background_repeat=\u00a0\u00bbrepeat\u00a0\u00bb max_width=\u00a0\u00bb960px\u00a0\u00bb custom_margin=\u00a0\u00bb|230px||0px||\u00a0\u00bb custom_padding=\u00a0\u00bb27px|29px||10%||\u00a0\u00bb animation_style=\u00a0\u00bbslide\u00a0\u00bb animation_direction=\u00a0\u00bbleft\u00a0\u00bb animation_intensity_slide=\u00a0\u00bb2%\u00a0\u00bb border_radii=\u00a0\u00bb||6px|6px|\u00a0\u00bb border_width_right=\u00a0\u00bb30px\u00a0\u00bb border_color_right=\u00a0\u00bb#7da4e9&Prime; use_custom_width=\u00a0\u00bbon\u00a0\u00bb custom_width_px=\u00a0\u00bb960px\u00a0\u00bb locked=\u00a0\u00bboff\u00a0\u00bb global_colors_info=\u00a0\u00bb{}\u00a0\u00bb][et_pb_column type=\u00a0\u00bb4_4&Prime; _builder_version=\u00a0\u00bb4.16&Prime; custom_padding=\u00a0\u00bb|||\u00a0\u00bb custom_padding_tablet=\u00a0\u00bb|||10%\u00a0\u00bb custom_padding_last_edited=\u00a0\u00bboff|desktop\u00a0\u00bb global_colors_info=\u00a0\u00bb{}\u00a0\u00bb padding_tablet=\u00a0\u00bb|||10%\u00a0\u00bb padding_last_edited=\u00a0\u00bboff|desktop\u00a0\u00bb custom_padding__hover=\u00a0\u00bb|||\u00a0\u00bb][et_pb_text admin_label=\u00a0\u00bbTitle\u00a0\u00bb _builder_version=\u00a0\u00bb4.27.4&Prime; text_font=\u00a0\u00bb||||||||\u00a0\u00bb header_font=\u00a0\u00bbAbhaya Libre|700|||||||\u00a0\u00bb header_font_size=\u00a0\u00bb70px\u00a0\u00bb header_line_height=\u00a0\u00bb1.2em\u00a0\u00bb header_4_font=\u00a0\u00bb||||||||\u00a0\u00bb background_layout=\u00a0\u00bbdark\u00a0\u00bb width=\u00a0\u00bb100%\u00a0\u00bb custom_margin=\u00a0\u00bb|-64px||||\u00a0\u00bb custom_padding=\u00a0\u00bb|||\u00a0\u00bb header_font_size_tablet=\u00a0\u00bb40px\u00a0\u00bb header_font_size_phone=\u00a0\u00bb28px\u00a0\u00bb header_font_size_last_edited=\u00a0\u00bbon|phone\u00a0\u00bb global_colors_info=\u00a0\u00bb{}\u00a0\u00bb]<\/p>\n<h1>Nos membres<\/h1>\n<p>[\/et_pb_text][\/et_pb_column][\/et_pb_row][\/et_pb_section][et_pb_section fb_built=\u00a0\u00bb1&Prime; admin_label=\u00a0\u00bbSection\u00a0\u00bb _builder_version=\u00a0\u00bb4.19.5&Prime; _module_preset=\u00a0\u00bbdefault\u00a0\u00bb custom_padding=\u00a0\u00bb||16px|||\u00a0\u00bb global_colors_info=\u00a0\u00bb{}\u00a0\u00bb][et_pb_row _builder_version=\u00a0\u00bb4.19.5&Prime; _module_preset=\u00a0\u00bbdefault\u00a0\u00bb global_colors_info=\u00a0\u00bb{}\u00a0\u00bb][et_pb_column type=\u00a0\u00bb4_4&Prime; _builder_version=\u00a0\u00bb4.19.5&Prime; _module_preset=\u00a0\u00bbdefault\u00a0\u00bb global_colors_info=\u00a0\u00bb{}\u00a0\u00bb][et_pb_text _builder_version=\u00a0\u00bb4.27.4&Prime; text_font=\u00a0\u00bbRubik|500|||||||\u00a0\u00bb text_font_size=\u00a0\u00bb16px\u00a0\u00bb text_line_height=\u00a0\u00bb2em\u00a0\u00bb header_font=\u00a0\u00bb||||||||\u00a0\u00bb header_2_font=\u00a0\u00bbRubik|700|||||||\u00a0\u00bb header_2_font_size=\u00a0\u00bb40px\u00a0\u00bb header_2_line_height=\u00a0\u00bb1.4em\u00a0\u00bb header_5_font=\u00a0\u00bbRubik|700||on|||||\u00a0\u00bb header_5_text_color=\u00a0\u00bb#2b76df\u00a0\u00bb header_5_letter_spacing=\u00a0\u00bb5px\u00a0\u00bb header_5_line_height=\u00a0\u00bb1.5em\u00a0\u00bb text_orientation=\u00a0\u00bbcenter\u00a0\u00bb max_width=\u00a0\u00bb600px\u00a0\u00bb module_alignment=\u00a0\u00bbcenter\u00a0\u00bb text_line_height_last_edited=\u00a0\u00bboff|desktop\u00a0\u00bb global_colors_info=\u00a0\u00bb{}\u00a0\u00bb]<\/p>\n<h2>Anciens chercheurs du FMER<\/h2>\n<p><\/p>\n<p>Je vous souhaite bonne chance dans vos projets futurs !<\/p>\n<p>[\/et_pb_text][\/et_pb_column][\/et_pb_row][\/et_pb_section][et_pb_section fb_built=\u00a0\u00bb1&Prime; _builder_version=\u00a0\u00bb4.19.5&Prime; _module_preset=\u00a0\u00bbdefault\u00a0\u00bb custom_padding=\u00a0\u00bb10px|||||\u00a0\u00bb global_colors_info=\u00a0\u00bb{}\u00a0\u00bb][et_pb_row column_structure=\u00a0\u00bb1_4,1_4,1_4,1_4&Prime; use_custom_gutter=\u00a0\u00bbon\u00a0\u00bb gutter_width=\u00a0\u00bb1&Prime; make_equal=\u00a0\u00bbon\u00a0\u00bb custom_padding_last_edited=\u00a0\u00bbon|phone\u00a0\u00bb _builder_version=\u00a0\u00bb4.27.2&Prime; _module_preset=\u00a0\u00bbdefault\u00a0\u00bb width=\u00a0\u00bb100%\u00a0\u00bb max_width=\u00a0\u00bb100%\u00a0\u00bb custom_padding=\u00a0\u00bb50px|50px|50px|50px|true|true\u00a0\u00bb custom_padding_tablet=\u00a0\u00bb100px|100px|100px|100px|true|true\u00a0\u00bb custom_padding_phone=\u00a0\u00bb50px|40px|50px|40px|true|true\u00a0\u00bb global_colors_info=\u00a0\u00bb{}\u00a0\u00bb][et_pb_column type=\u00a0\u00bb1_4&Prime; _builder_version=\u00a0\u00bb4.19.5&Prime; _module_preset=\u00a0\u00bbdefault\u00a0\u00bb box_shadow_style=\u00a0\u00bbpreset1&Prime; global_colors_info=\u00a0\u00bb{}\u00a0\u00bb][et_pb_image src=\u00a0\u00bbhttps:\/\/fmer-remf.ca\/wp-content\/uploads\/Francesca-sm.jpg\u00a0\u00bb _builder_version=\u00a0\u00bb4.27.4&Prime; _module_preset=\u00a0\u00bbdefault\u00a0\u00bb z_index=\u00a0\u00bb1&Prime; width=\u00a0\u00bb83%\u00a0\u00bb custom_margin=\u00a0\u00bb|24px||24px|false|true\u00a0\u00bb custom_margin_tablet=\u00a0\u00bb|15px||15px|false|true\u00a0\u00bb custom_margin_phone=\u00a0\u00bb|15px||15px|false|true\u00a0\u00bb custom_margin_last_edited=\u00a0\u00bbon|desktop\u00a0\u00bb custom_padding=\u00a0\u00bb15px|3px|15px|3px|true|true\u00a0\u00bb border_radii=\u00a0\u00bbon|5px|5px|5px|5px\u00a0\u00bb box_shadow_style=\u00a0\u00bbpreset1&Prime; box_shadow_color=\u00a0\u00bb#565656&Prime; locked=\u00a0\u00bboff\u00a0\u00bb global_colors_info=\u00a0\u00bb{}\u00a0\u00bb][\/et_pb_image][et_pb_team_member name=\u00a0\u00bbFrancesca Luconi, BAAN, M.Ed, PhD\u00a0\u00bb _builder_version=\u00a0\u00bb4.20.4&Prime; _module_preset=\u00a0\u00bbdefault\u00a0\u00bb header_font=\u00a0\u00bbBaloo 2||||||||\u00a0\u00bb header_text_color=\u00a0\u00bb#000000&Prime; header_font_size=\u00a0\u00bb17px\u00a0\u00bb header_line_height=\u00a0\u00bb1.1em\u00a0\u00bb body_text_color=\u00a0\u00bb#000000&Prime; position_text_color=\u00a0\u00bb#000000&Prime; background_enable_color=\u00a0\u00bboff\u00a0\u00bb width=\u00a0\u00bb88%\u00a0\u00bb custom_margin=\u00a0\u00bb-26px|0px|0px|10px|false|false\u00a0\u00bb custom_margin_tablet=\u00a0\u00bb10px|0vw|10px|0vw|true|false\u00a0\u00bb custom_margin_phone=\u00a0\u00bb|0vw||0vw|false|false\u00a0\u00bb custom_margin_last_edited=\u00a0\u00bbon|tablet\u00a0\u00bb custom_padding=\u00a0\u00bb29px|18px|15px|18px|false|true\u00a0\u00bb custom_padding_tablet=\u00a0\u00bb25px|7px|25px|7px|true|false\u00a0\u00bb custom_padding_phone=\u00a0\u00bb25px|7px|25px|7px|true|false\u00a0\u00bb custom_padding_last_edited=\u00a0\u00bbon|desktop\u00a0\u00bb border_radii=\u00a0\u00bbon|5px|5px|5px|5px\u00a0\u00bb border_color_all=\u00a0\u00bbrgba(168,168,168,0.38)\u00a0\u00bb locked=\u00a0\u00bboff\u00a0\u00bb global_colors_info=\u00a0\u00bb{}\u00a0\u00bb][\/et_pb_team_member][et_pb_text _builder_version=\u00a0\u00bb4.27.4&Prime; _module_preset=\u00a0\u00bbdefault\u00a0\u00bb text_text_color=\u00a0\u00bb#000000&Prime; custom_margin=\u00a0\u00bb0px||0px||false|true\u00a0\u00bb custom_padding=\u00a0\u00bb0px|18px|7px|18px|false|true\u00a0\u00bb locked=\u00a0\u00bboff\u00a0\u00bb global_colors_info=\u00a0\u00bb{}\u00a0\u00bb]<\/p>\n<p><strong>P\u00e9riode au FMER<\/strong><br \/>Mai 2020 \u00e0 avril 2025<\/p>\n<p>[\/et_pb_text][\/et_pb_column][et_pb_column type=\u00a0\u00bb1_4&Prime; _builder_version=\u00a0\u00bb4.19.5&Prime; _module_preset=\u00a0\u00bbdefault\u00a0\u00bb box_shadow_style=\u00a0\u00bbpreset1&Prime; global_colors_info=\u00a0\u00bb{}\u00a0\u00bb][et_pb_image src=\u00a0\u00bbhttps:\/\/fmer-remf.ca\/wp-content\/uploads\/Pierre-first-web.jpg\u00a0\u00bb align=\u00a0\u00bbcenter\u00a0\u00bb _builder_version=\u00a0\u00bb4.27.4&Prime; _module_preset=\u00a0\u00bbdefault\u00a0\u00bb z_index=\u00a0\u00bb1&Prime; width=\u00a0\u00bb83%\u00a0\u00bb custom_margin=\u00a0\u00bb|24px||24px|false|true\u00a0\u00bb custom_margin_tablet=\u00a0\u00bb|15px||15px|false|true\u00a0\u00bb custom_margin_phone=\u00a0\u00bb|15px||15px|false|true\u00a0\u00bb custom_margin_last_edited=\u00a0\u00bbon|desktop\u00a0\u00bb custom_padding=\u00a0\u00bb15px|3px|15px|3px|true|true\u00a0\u00bb border_radii=\u00a0\u00bbon|5px|5px|5px|5px\u00a0\u00bb box_shadow_style=\u00a0\u00bbpreset1&Prime; box_shadow_color=\u00a0\u00bb#565656&Prime; global_colors_info=\u00a0\u00bb{}\u00a0\u00bb][\/et_pb_image][et_pb_team_member name=\u00a0\u00bbPierre Pluye, MD, PhD\u00a0\u00bb _builder_version=\u00a0\u00bb4.27.4&Prime; _module_preset=\u00a0\u00bbdefault\u00a0\u00bb header_font=\u00a0\u00bbBaloo 2||||||||\u00a0\u00bb header_text_color=\u00a0\u00bb#000000&Prime; header_font_size=\u00a0\u00bb17px\u00a0\u00bb header_line_height=\u00a0\u00bb1.1em\u00a0\u00bb body_text_color=\u00a0\u00bb#000000&Prime; position_text_color=\u00a0\u00bb#000000&Prime; background_enable_color=\u00a0\u00bboff\u00a0\u00bb width=\u00a0\u00bb88%\u00a0\u00bb custom_margin=\u00a0\u00bb-26px|0px|0px|10px|false|false\u00a0\u00bb custom_margin_tablet=\u00a0\u00bb10px|0vw|10px|0vw|true|false\u00a0\u00bb custom_margin_phone=\u00a0\u00bb|0vw||0vw|false|false\u00a0\u00bb custom_margin_last_edited=\u00a0\u00bbon|tablet\u00a0\u00bb custom_padding=\u00a0\u00bb29px|18px|15px|18px|false|true\u00a0\u00bb custom_padding_tablet=\u00a0\u00bb25px|7px|25px|7px|true|false\u00a0\u00bb custom_padding_phone=\u00a0\u00bb25px|7px|25px|7px|true|false\u00a0\u00bb custom_padding_last_edited=\u00a0\u00bbon|desktop\u00a0\u00bb link_option_url=\u00a0\u00bbhttps:\/\/fmer-remf.ca\/about-us\/our-team\/samira-abbasgholizadeh-rahimi\/\u00a0\u00bb border_radii=\u00a0\u00bbon|5px|5px|5px|5px\u00a0\u00bb border_color_all=\u00a0\u00bbrgba(168,168,168,0.38)\u00a0\u00bb global_colors_info=\u00a0\u00bb{}\u00a0\u00bb][\/et_pb_team_member][et_pb_text _builder_version=\u00a0\u00bb4.27.4&Prime; _module_preset=\u00a0\u00bbdefault\u00a0\u00bb text_text_color=\u00a0\u00bb#000000&Prime; custom_margin=\u00a0\u00bb0px||0px||false|true\u00a0\u00bb custom_padding=\u00a0\u00bb0px|18px|7px|18px|false|true\u00a0\u00bb global_colors_info=\u00a0\u00bb{}\u00a0\u00bb]<\/p>\n<p><strong>P\u00e9riode au FMER<\/strong><br \/>De mai 2014 \u00e0 juillet 2023\u2020<\/p>\n<p>[\/et_pb_text][\/et_pb_column][et_pb_column type=\u00a0\u00bb1_4&Prime; _builder_version=\u00a0\u00bb4.19.5&Prime; _module_preset=\u00a0\u00bbdefault\u00a0\u00bb box_shadow_style=\u00a0\u00bbpreset1&Prime; global_colors_info=\u00a0\u00bb{}\u00a0\u00bb][et_pb_image src=\u00a0\u00bbhttps:\/\/fmer-remf.ca\/wp-content\/uploads\/Gillian-web.jpeg\u00a0\u00bb _builder_version=\u00a0\u00bb4.27.4&Prime; _module_preset=\u00a0\u00bbdefault\u00a0\u00bb z_index=\u00a0\u00bb1&Prime; width=\u00a0\u00bb83%\u00a0\u00bb custom_margin=\u00a0\u00bb|24px||24px|false|true\u00a0\u00bb custom_margin_tablet=\u00a0\u00bb|15px||15px|false|true\u00a0\u00bb custom_margin_phone=\u00a0\u00bb|15px||15px|false|true\u00a0\u00bb custom_margin_last_edited=\u00a0\u00bbon|desktop\u00a0\u00bb custom_padding=\u00a0\u00bb15px|3px|15px|3px|true|true\u00a0\u00bb border_radii=\u00a0\u00bbon|5px|5px|5px|5px\u00a0\u00bb box_shadow_style=\u00a0\u00bbpreset1&Prime; box_shadow_color=\u00a0\u00bb#565656&Prime; global_colors_info=\u00a0\u00bb{}\u00a0\u00bb][\/et_pb_image][et_pb_team_member name=\u00a0\u00bbGillian Bartlett, PhD\u00a0\u00bb _builder_version=\u00a0\u00bb4.27.4&Prime; _module_preset=\u00a0\u00bbdefault\u00a0\u00bb header_font=\u00a0\u00bbBaloo 2||||||||\u00a0\u00bb header_text_color=\u00a0\u00bb#000000&Prime; header_font_size=\u00a0\u00bb17px\u00a0\u00bb header_line_height=\u00a0\u00bb1.1em\u00a0\u00bb body_text_color=\u00a0\u00bb#000000&Prime; position_text_color=\u00a0\u00bb#000000&Prime; background_enable_color=\u00a0\u00bboff\u00a0\u00bb width=\u00a0\u00bb88%\u00a0\u00bb custom_margin=\u00a0\u00bb-26px|0px|0px|10px|false|false\u00a0\u00bb custom_margin_tablet=\u00a0\u00bb10px|0vw|10px|0px|false|false\u00a0\u00bb custom_margin_phone=\u00a0\u00bb|0vw||0vw|false|false\u00a0\u00bb custom_margin_last_edited=\u00a0\u00bbon|phone\u00a0\u00bb custom_padding=\u00a0\u00bb29px|18px|15px|18px|false|true\u00a0\u00bb custom_padding_tablet=\u00a0\u00bb25px|21px|25px|21px|true|true\u00a0\u00bb custom_padding_phone=\u00a0\u00bb25px|7px|25px|7px|true|false\u00a0\u00bb custom_padding_last_edited=\u00a0\u00bbon|desktop\u00a0\u00bb link_option_url=\u00a0\u00bbhttps:\/\/fmer-remf.ca\/about-us\/our-team\/tamara-carver\/\u00a0\u00bb border_radii=\u00a0\u00bbon|5px|5px|5px|5px\u00a0\u00bb border_color_all=\u00a0\u00bbrgba(168,168,168,0.38)\u00a0\u00bb global_colors_info=\u00a0\u00bb{}\u00a0\u00bb][\/et_pb_team_member][et_pb_text _builder_version=\u00a0\u00bb4.27.4&Prime; _module_preset=\u00a0\u00bbdefault\u00a0\u00bb text_text_color=\u00a0\u00bb#000000&Prime; custom_margin=\u00a0\u00bb0px||0px||false|true\u00a0\u00bb custom_padding=\u00a0\u00bb0px|18px|7px|18px|false|true\u00a0\u00bb global_colors_info=\u00a0\u00bb{}\u00a0\u00bb]<\/p>\n<p><strong>P\u00e9riode au FMER<\/strong><br \/>De mai 2014 \u00e0 f\u00e9vrier 2020<\/p>\n<p>[\/et_pb_text][\/et_pb_column][et_pb_column type=\u00a0\u00bb1_4&Prime; _builder_version=\u00a0\u00bb4.19.5&Prime; _module_preset=\u00a0\u00bbdefault\u00a0\u00bb box_shadow_style=\u00a0\u00bbpreset1&Prime; global_colors_info=\u00a0\u00bb{}\u00a0\u00bb][et_pb_image src=\u00a0\u00bbhttps:\/\/fmer-remf.ca\/wp-content\/uploads\/Miriam-Boillat-web.jpg\u00a0\u00bb _builder_version=\u00a0\u00bb4.27.4&Prime; _module_preset=\u00a0\u00bbdefault\u00a0\u00bb z_index=\u00a0\u00bb1&Prime; width=\u00a0\u00bb83%\u00a0\u00bb custom_margin=\u00a0\u00bb|24px||24px|false|true\u00a0\u00bb custom_margin_tablet=\u00a0\u00bb|15px||15px|false|true\u00a0\u00bb custom_margin_phone=\u00a0\u00bb|15px||15px|false|true\u00a0\u00bb custom_margin_last_edited=\u00a0\u00bbon|desktop\u00a0\u00bb custom_padding=\u00a0\u00bb15px|3px|15px|3px|true|true\u00a0\u00bb border_radii=\u00a0\u00bbon|5px|5px|5px|5px\u00a0\u00bb box_shadow_style=\u00a0\u00bbpreset1&Prime; box_shadow_color=\u00a0\u00bb#565656&Prime; global_colors_info=\u00a0\u00bb{}\u00a0\u00bb][\/et_pb_image][et_pb_team_member name=\u00a0\u00bbMiriam Boillat, BA, MD, FCFP\u00a0\u00bb _builder_version=\u00a0\u00bb4.27.4&Prime; _module_preset=\u00a0\u00bbdefault\u00a0\u00bb header_font=\u00a0\u00bbBaloo 2||||||||\u00a0\u00bb header_text_color=\u00a0\u00bb#000000&Prime; header_font_size=\u00a0\u00bb17px\u00a0\u00bb header_line_height=\u00a0\u00bb1.1em\u00a0\u00bb body_text_color=\u00a0\u00bb#000000&Prime; position_text_color=\u00a0\u00bb#000000&Prime; background_enable_color=\u00a0\u00bboff\u00a0\u00bb width=\u00a0\u00bb88%\u00a0\u00bb custom_margin=\u00a0\u00bb-26px|0px|0px|10px|false|false\u00a0\u00bb custom_margin_tablet=\u00a0\u00bb10px|0vw|10px|0vw|true|false\u00a0\u00bb custom_margin_phone=\u00a0\u00bb|0vw||0vw|false|false\u00a0\u00bb custom_margin_last_edited=\u00a0\u00bbon|tablet\u00a0\u00bb custom_padding=\u00a0\u00bb29px|18px|15px|18px|false|true\u00a0\u00bb custom_padding_tablet=\u00a0\u00bb25px|7px|25px|7px|true|false\u00a0\u00bb custom_padding_phone=\u00a0\u00bb25px|7px|25px|7px|true|false\u00a0\u00bb custom_padding_last_edited=\u00a0\u00bbon|desktop\u00a0\u00bb border_radii=\u00a0\u00bbon|5px|5px|5px|5px\u00a0\u00bb border_color_all=\u00a0\u00bbrgba(168,168,168,0.38)\u00a0\u00bb global_colors_info=\u00a0\u00bb{}\u00a0\u00bb][\/et_pb_team_member][et_pb_text _builder_version=\u00a0\u00bb4.27.4&Prime; _module_preset=\u00a0\u00bbdefault\u00a0\u00bb text_text_color=\u00a0\u00bb#000000&Prime; custom_margin=\u00a0\u00bb0px||0px||false|true\u00a0\u00bb custom_padding=\u00a0\u00bb0px|18px|7px|18px|false|true\u00a0\u00bb global_colors_info=\u00a0\u00bb{}\u00a0\u00bb]<\/p>\n<p><strong>P\u00e9riode au FMER<\/strong><br \/>De mai 2014 \u00e0 mai 2019<\/p>\n<p>[\/et_pb_text][\/et_pb_column][\/et_pb_row][et_pb_row column_structure=\u00a0\u00bb1_4,1_4,1_4,1_4&Prime; use_custom_gutter=\u00a0\u00bbon\u00a0\u00bb gutter_width=\u00a0\u00bb1&Prime; make_equal=\u00a0\u00bbon\u00a0\u00bb custom_padding_last_edited=\u00a0\u00bbon|phone\u00a0\u00bb _builder_version=\u00a0\u00bb4.27.2&Prime; _module_preset=\u00a0\u00bbdefault\u00a0\u00bb width=\u00a0\u00bb100%\u00a0\u00bb max_width=\u00a0\u00bb100%\u00a0\u00bb custom_padding=\u00a0\u00bb50px|50px|50px|50px|true|true\u00a0\u00bb custom_padding_tablet=\u00a0\u00bb100px|100px|100px|100px|true|true\u00a0\u00bb custom_padding_phone=\u00a0\u00bb50px|40px|50px|40px|true|true\u00a0\u00bb global_colors_info=\u00a0\u00bb{}\u00a0\u00bb][et_pb_column type=\u00a0\u00bb1_4&Prime; _builder_version=\u00a0\u00bb4.19.5&Prime; _module_preset=\u00a0\u00bbdefault\u00a0\u00bb box_shadow_style=\u00a0\u00bbpreset1&Prime; global_colors_info=\u00a0\u00bb{}\u00a0\u00bb][et_pb_image src=\u00a0\u00bbhttps:\/\/fmer-remf.ca\/wp-content\/uploads\/Leonora-Lalla-web.jpg\u00a0\u00bb _builder_version=\u00a0\u00bb4.27.4&Prime; _module_preset=\u00a0\u00bbdefault\u00a0\u00bb z_index=\u00a0\u00bb1&Prime; width=\u00a0\u00bb83%\u00a0\u00bb custom_margin=\u00a0\u00bb|24px||24px|false|true\u00a0\u00bb custom_margin_tablet=\u00a0\u00bb|15px||15px|false|true\u00a0\u00bb custom_margin_phone=\u00a0\u00bb|15px||15px|false|true\u00a0\u00bb custom_margin_last_edited=\u00a0\u00bbon|desktop\u00a0\u00bb custom_padding=\u00a0\u00bb15px|3px|15px|3px|true|true\u00a0\u00bb border_radii=\u00a0\u00bbon|5px|5px|5px|5px\u00a0\u00bb box_shadow_style=\u00a0\u00bbpreset1&Prime; box_shadow_color=\u00a0\u00bb#565656&Prime; global_colors_info=\u00a0\u00bb{}\u00a0\u00bb][\/et_pb_image][et_pb_team_member name=\u00a0\u00bbLeonora Lalla, BA, MD, FCFP\u00a0\u00bb _builder_version=\u00a0\u00bb4.27.4&Prime; _module_preset=\u00a0\u00bbdefault\u00a0\u00bb header_font=\u00a0\u00bbBaloo 2||||||||\u00a0\u00bb header_text_color=\u00a0\u00bb#000000&Prime; header_font_size=\u00a0\u00bb17px\u00a0\u00bb header_line_height=\u00a0\u00bb1.1em\u00a0\u00bb body_text_color=\u00a0\u00bb#000000&Prime; position_text_color=\u00a0\u00bb#000000&Prime; background_enable_color=\u00a0\u00bboff\u00a0\u00bb width=\u00a0\u00bb88%\u00a0\u00bb custom_margin=\u00a0\u00bb-26px|0px|0px|10px|false|false\u00a0\u00bb custom_margin_tablet=\u00a0\u00bb10px|0vw|10px|0vw|true|false\u00a0\u00bb custom_margin_phone=\u00a0\u00bb|0vw||0vw|false|false\u00a0\u00bb custom_margin_last_edited=\u00a0\u00bbon|tablet\u00a0\u00bb custom_padding=\u00a0\u00bb29px|18px|15px|18px|false|true\u00a0\u00bb custom_padding_tablet=\u00a0\u00bb25px|7px|25px|7px|true|false\u00a0\u00bb custom_padding_phone=\u00a0\u00bb25px|7px|25px|7px|true|false\u00a0\u00bb custom_padding_last_edited=\u00a0\u00bbon|desktop\u00a0\u00bb border_radii=\u00a0\u00bbon|5px|5px|5px|5px\u00a0\u00bb border_color_all=\u00a0\u00bbrgba(168,168,168,0.38)\u00a0\u00bb global_colors_info=\u00a0\u00bb{}\u00a0\u00bb][\/et_pb_team_member][et_pb_text _builder_version=\u00a0\u00bb4.27.4&Prime; _module_preset=\u00a0\u00bbdefault\u00a0\u00bb text_text_color=\u00a0\u00bb#000000&Prime; custom_margin=\u00a0\u00bb0px||0px||false|true\u00a0\u00bb custom_padding=\u00a0\u00bb0px|18px|7px|18px|false|true\u00a0\u00bb global_colors_info=\u00a0\u00bb{}\u00a0\u00bb]<\/p>\n<p><strong>P\u00e9riode au FMER<\/strong><br \/>De mai 2014 \u00e0 avril 2018<\/p>\n<p>[\/et_pb_text][\/et_pb_column][et_pb_column type=\u00a0\u00bb1_4&Prime; _builder_version=\u00a0\u00bb4.19.5&Prime; _module_preset=\u00a0\u00bbdefault\u00a0\u00bb box_shadow_style=\u00a0\u00bbpreset1&Prime; global_colors_info=\u00a0\u00bb{}\u00a0\u00bb][\/et_pb_column][et_pb_column type=\u00a0\u00bb1_4&Prime; _builder_version=\u00a0\u00bb4.19.5&Prime; _module_preset=\u00a0\u00bbdefault\u00a0\u00bb box_shadow_style=\u00a0\u00bbpreset1&Prime; global_colors_info=\u00a0\u00bb{}\u00a0\u00bb][\/et_pb_column][et_pb_column type=\u00a0\u00bb1_4&Prime; _builder_version=\u00a0\u00bb4.19.5&Prime; _module_preset=\u00a0\u00bbdefault\u00a0\u00bb box_shadow_style=\u00a0\u00bbpreset1&Prime; global_colors_info=\u00a0\u00bb{}\u00a0\u00bb][\/et_pb_column][\/et_pb_row][\/et_pb_section]<\/p>\n","protected":false},"excerpt":{"rendered":"<p>Nos membresAnciens chercheurs du FMERJe vous souhaite bonne chance dans vos projets futurs !P\u00e9riode au FMERMai 2020 \u00e0 avril 2025P\u00e9riode au FMERDe mai 2014 \u00e0 juillet 2023\u2020P\u00e9riode au FMERDe mai [&hellip;]<\/p>\n","protected":false},"author":1,"featured_media":0,"parent":279776,"menu_order":0,"comment_status":"closed","ping_status":"closed","template":"","meta":{"_et_pb_use_builder":"on","_et_pb_old_content":"","_et_gb_content_width":"","_monsterinsights_skip_tracking":false,"_monsterinsights_sitenote_active":false,"_monsterinsights_sitenote_note":"","_monsterinsights_sitenote_category":0,"footnotes":""},"class_list":["post-281690","page","type-page","status-publish","hentry"],"_links":{"self":[{"href":"https:\/\/fmer-remf.ca\/fr\/wp-json\/wp\/v2\/pages\/281690","targetHints":{"allow":["GET"]}}],"collection":[{"href":"https:\/\/fmer-remf.ca\/fr\/wp-json\/wp\/v2\/pages"}],"about":[{"href":"https:\/\/fmer-remf.ca\/fr\/wp-json\/wp\/v2\/types\/page"}],"author":[{"embeddable":true,"href":"https:\/\/fmer-remf.ca\/fr\/wp-json\/wp\/v2\/users\/1"}],"replies":[{"embeddable":true,"href":"https:\/\/fmer-remf.ca\/fr\/wp-json\/wp\/v2\/comments?post=281690"}],"version-history":[{"count":11,"href":"https:\/\/fmer-remf.ca\/fr\/wp-json\/wp\/v2\/pages\/281690\/revisions"}],"predecessor-version":[{"id":282541,"href":"https:\/\/fmer-remf.ca\/fr\/wp-json\/wp\/v2\/pages\/281690\/revisions\/282541"}],"up":[{"embeddable":true,"href":"https:\/\/fmer-remf.ca\/fr\/wp-json\/wp\/v2\/pages\/279776"}],"wp:attachment":[{"href":"https:\/\/fmer-remf.ca\/fr\/wp-json\/wp\/v2\/media?parent=281690"}],"curies":[{"name":"wp","href":"https:\/\/api.w.org\/{rel}","templated":true}]}}