{"id":283182,"date":"2026-04-08T09:18:48","date_gmt":"2026-04-08T09:18:48","guid":{"rendered":"https:\/\/fmer-remf.ca\/?page_id=283182"},"modified":"2026-04-08T20:04:57","modified_gmt":"2026-04-08T20:04:57","slug":"mario-mujica-mota","status":"publish","type":"page","link":"https:\/\/fmer-remf.ca\/fr\/about-us\/our-team\/mario-mujica-mota\/","title":{"rendered":"Mario Mujica Mota"},"content":{"rendered":"<p>[et_pb_section fb_built=\u00a0\u00bb1&Prime; _builder_version=\u00a0\u00bb4.19.5&Prime; _module_preset=\u00a0\u00bbdefault\u00a0\u00bb global_colors_info=\u00a0\u00bb{}\u00a0\u00bb][et_pb_row column_structure=\u00a0\u00bb1_4,3_4&Prime; use_custom_gutter=\u00a0\u00bbon\u00a0\u00bb gutter_width=\u00a0\u00bb1&Prime; make_equal=\u00a0\u00bbon\u00a0\u00bb custom_padding_last_edited=\u00a0\u00bbon|desktop\u00a0\u00bb _builder_version=\u00a0\u00bb4.27.4&Prime; _module_preset=\u00a0\u00bbdefault\u00a0\u00bb width=\u00a0\u00bb100%\u00a0\u00bb max_width=\u00a0\u00bb100%\u00a0\u00bb custom_padding=\u00a0\u00bb50px|0px|50px|50px|true|false\u00a0\u00bb custom_padding_tablet=\u00a0\u00bb100px|100px|100px|100px|true|true\u00a0\u00bb custom_padding_phone=\u00a0\u00bb80px|26px|80px|26px|true|true\u00a0\u00bb global_colors_info=\u00a0\u00bb{}\u00a0\u00bb][et_pb_column type=\u00a0\u00bb1_4&Prime; _builder_version=\u00a0\u00bb4.19.5&Prime; _module_preset=\u00a0\u00bbdefault\u00a0\u00bb global_colors_info=\u00a0\u00bb{}\u00a0\u00bb][et_pb_image src=\u00a0\u00bbhttps:\/\/fmer-remf.ca\/wp-content\/uploads\/Mario-AI-sm.png\u00a0\u00bb _builder_version=\u00a0\u00bb4.27.6&Prime; _module_preset=\u00a0\u00bbdefault\u00a0\u00bb hover_enabled=\u00a0\u00bb0&Prime; border_radii=\u00a0\u00bbon|5px|5px|5px|5px\u00a0\u00bb box_shadow_style=\u00a0\u00bbpreset1&Prime; box_shadow_color=\u00a0\u00bbrgba(0,0,0,0.62)\u00a0\u00bb global_colors_info=\u00a0\u00bb{}\u00a0\u00bb sticky_enabled=\u00a0\u00bb0&Prime;][\/et_pb_image][et_pb_text _builder_version=\u00a0\u00bb4.27.6&Prime; _module_preset=\u00a0\u00bbdefault\u00a0\u00bb custom_padding=\u00a0\u00bb6px||6px||true|false\u00a0\u00bb global_colors_info=\u00a0\u00bb{}\u00a0\u00bb]<\/p>\n<p style=\"text-align: left;\"><strong>Email: <a href=\"mailto:mario.mujicamota@mcgill.ca\">mario.mujicamota@mcgill.ca<\/a><\/strong><\/p>\n<p>[\/et_pb_text][et_pb_text _builder_version=\u00a0\u00bb4.27.6&Prime; _module_preset=\u00a0\u00bbdefault\u00a0\u00bb custom_padding=\u00a0\u00bb6px||6px||true|false\u00a0\u00bb global_colors_info=\u00a0\u00bb{}\u00a0\u00bb]<\/p>\n<p style=\"text-align: left;\"><strong>Social Media Profiles<\/strong><\/p>\n<p>[\/et_pb_text][et_pb_social_media_follow use_icon_font_size=\u00a0\u00bbon\u00a0\u00bb icon_font_size=\u00a0\u00bb22px\u00a0\u00bb _builder_version=\u00a0\u00bb4.27.6&Prime; _module_preset=\u00a0\u00bbdefault\u00a0\u00bb text_orientation=\u00a0\u00bbleft\u00a0\u00bb custom_padding=\u00a0\u00bb15px||15px||true|false\u00a0\u00bb global_colors_info=\u00a0\u00bb{}\u00a0\u00bb][et_pb_social_media_follow_network social_network=\u00a0\u00bbresearchgate\u00a0\u00bb url=\u00a0\u00bbhttps:\/\/www.researchgate.net\/profile\/Mario-Mujica-Mota\u00a0\u00bb _builder_version=\u00a0\u00bb4.27.6&Prime; _module_preset=\u00a0\u00bbdefault\u00a0\u00bb background_color=\u00a0\u00bb#40ba9b\u00a0\u00bb global_colors_info=\u00a0\u00bb{}\u00a0\u00bb follow_button=\u00a0\u00bboff\u00a0\u00bb url_new_window=\u00a0\u00bbon\u00a0\u00bb]researchgate[\/et_pb_social_media_follow_network][\/et_pb_social_media_follow][\/et_pb_column][et_pb_column type=\u00a0\u00bb3_4&Prime; _builder_version=\u00a0\u00bb4.19.5&Prime; _module_preset=\u00a0\u00bbdefault\u00a0\u00bb global_colors_info=\u00a0\u00bb{}\u00a0\u00bb][et_pb_team_member name=\u00a0\u00bbMario A. Mujica-Mota MD, MSc, CCFP\u00a0\u00bb position_tablet=\u00a0\u00bb\u00a0\u00bb position_phone=\u00a0\u00bb\u00a0\u00bb position_last_edited=\u00a0\u00bbon|phone\u00a0\u00bb _builder_version=\u00a0\u00bb4.27.6&Prime; _module_preset=\u00a0\u00bbdefault\u00a0\u00bb header_level=\u00a0\u00bbh2&Prime; header_font=\u00a0\u00bbBaloo 2||||||||\u00a0\u00bb header_text_color=\u00a0\u00bb#000000&Prime; header_font_size=\u00a0\u00bb27px\u00a0\u00bb body_text_color=\u00a0\u00bb#000000&Prime; position_text_color=\u00a0\u00bb#000000&Prime; background_color=\u00a0\u00bbrgba(121,110,189,0.69)\u00a0\u00bb min_height=\u00a0\u00bb123.8px\u00a0\u00bb custom_margin=\u00a0\u00bb-3px|-69vw||-3vw|false|false\u00a0\u00bb custom_margin_tablet=\u00a0\u00bb|6vw||-3vw|false|false\u00a0\u00bb custom_margin_phone=\u00a0\u00bb|0vw||0vw|false|false\u00a0\u00bb custom_margin_last_edited=\u00a0\u00bbon|desktop\u00a0\u00bb custom_padding=\u00a0\u00bb25px|14px|25px|14px|true|true\u00a0\u00bb custom_padding_tablet=\u00a0\u00bb25px|7px|25px|7px|true|false\u00a0\u00bb custom_padding_phone=\u00a0\u00bb25px|7px|25px|7px|true|false\u00a0\u00bb custom_padding_last_edited=\u00a0\u00bbon|desktop\u00a0\u00bb border_radii=\u00a0\u00bboff||5px|5px|\u00a0\u00bb border_width_left=\u00a0\u00bb3px\u00a0\u00bb border_color_left=\u00a0\u00bbrgba(255,255,255,0.65)\u00a0\u00bb box_shadow_style=\u00a0\u00bbpreset1&Prime; box_shadow_color=\u00a0\u00bbrgba(0,0,0,0.54)\u00a0\u00bb global_colors_info=\u00a0\u00bb{}\u00a0\u00bb]<\/p>\n<div data-ogsc=\"black\" data-olk-copy-source=\"MessageBody\">Lecturer \u2013 Longitudinal Family Medicine Experience,\u00a0<span data-ogsc=\"\">Department of Family Medicine, <\/span><span data-ogsc=\"\">School of Medicine, <\/span><span data-ogsc=\"\">Faculty of Medicine and Health Sciences<br \/><\/span><span data-ogsc=\"\">McGill University<\/span><\/div>\n<p>[\/et_pb_team_member][et_pb_team_member _builder_version=\u00a0\u00bb4.27.6&Prime; _module_preset=\u00a0\u00bbdefault\u00a0\u00bb body_text_color=\u00a0\u00bb#000000&Prime; custom_padding=\u00a0\u00bb10px|12px|10px|12px|true|true\u00a0\u00bb global_colors_info=\u00a0\u00bb{}\u00a0\u00bb]<\/p>\n<p><span data-olk-copy-source=\"MessageBody\">Dr. Mario A. Mujica Mota is a family physician in Montreal and a lecturer at the Family Medicine Longitudinal Program at McGill University. After completing his medical studies in Mexico, he pursued an MSc at McGill University, then completed his residency at Universit\u00e9 de Montr\u00e9al in 2017. He maintains a polyvalent practice caring for patients of all ages, including musculoskeletal care, minor surgery, and asylum seekers. His research interests focus on migrant health, and he collaborates with the Family Medicine and Migration Health Working Group of WONCA\u2013CIMF.<\/span><\/p>\n<p>[\/et_pb_team_member][et_pb_text _builder_version=\u00a0\u00bb4.27.6&Prime; _module_preset=\u00a0\u00bbdefault\u00a0\u00bb custom_margin=\u00a0\u00bb|0px||10px|false|false\u00a0\u00bb custom_margin_tablet=\u00a0\u00bb|0px||10px|false|false\u00a0\u00bb custom_margin_phone=\u00a0\u00bb|0px||10px|false|false\u00a0\u00bb custom_margin_last_edited=\u00a0\u00bbon|desktop\u00a0\u00bb custom_padding=\u00a0\u00bb|1px||1px|true|true\u00a0\u00bb global_colors_info=\u00a0\u00bb{}\u00a0\u00bb]<\/p>\n<p><strong>Education<\/strong><\/p>\n<table style=\"width: 100%; border-collapse: collapse;\" border=\"1\">\n<tbody>\n<tr>\n<td style=\"width: 16.4328%;\"><strong>2009<\/strong><\/td>\n<td style=\"width: 83.5672%;\"><strong>MD<\/strong> (Medical Degree), <span data-olk-copy-source=\"MessageBody\">National Autonomous University of Mexico (UNAM)<\/span><\/td>\n<\/tr>\n<tr>\n<td style=\"width: 16.4328%;\"><strong>2013<\/strong><\/td>\n<td style=\"width: 83.5672%;\"><strong>MSc<\/strong> <span data-olk-copy-source=\"MessageBody\">in Otolaryngology<\/span>, McGill University, Montreal, Qu\u00e9bec<\/td>\n<\/tr>\n<tr>\n<td style=\"width: 16.4328%;\"><strong>2017<\/strong><\/td>\n<td style=\"width: 83.5672%;\">Residency in Family Medicine, Universit\u00e9 de Montr\u00e9al, Montreal, Qu\u00e9bec<\/td>\n<\/tr>\n<\/tbody>\n<\/table>\n<p>[\/et_pb_text][\/et_pb_column][\/et_pb_row][\/et_pb_section]<\/p>\n","protected":false},"excerpt":{"rendered":"<p>Email: mario.mujicamota@mcgill.caSocial Media ProfilesLecturer \u2013 Longitudinal Family Medicine Experience,\u00a0Department of Family Medicine, School of Medicine, Faculty of Medicine and Health SciencesMcGill UniversityDr. Mario A. Mujica Mota is a family physician [&hellip;]<\/p>\n","protected":false},"author":1,"featured_media":0,"parent":342,"menu_order":0,"comment_status":"closed","ping_status":"closed","template":"","meta":{"_et_pb_use_builder":"on","_et_pb_old_content":"","_et_gb_content_width":"","_monsterinsights_skip_tracking":false,"_monsterinsights_sitenote_active":false,"_monsterinsights_sitenote_note":"","_monsterinsights_sitenote_category":0,"footnotes":""},"class_list":["post-283182","page","type-page","status-publish","hentry"],"_links":{"self":[{"href":"https:\/\/fmer-remf.ca\/fr\/wp-json\/wp\/v2\/pages\/283182","targetHints":{"allow":["GET"]}}],"collection":[{"href":"https:\/\/fmer-remf.ca\/fr\/wp-json\/wp\/v2\/pages"}],"about":[{"href":"https:\/\/fmer-remf.ca\/fr\/wp-json\/wp\/v2\/types\/page"}],"author":[{"embeddable":true,"href":"https:\/\/fmer-remf.ca\/fr\/wp-json\/wp\/v2\/users\/1"}],"replies":[{"embeddable":true,"href":"https:\/\/fmer-remf.ca\/fr\/wp-json\/wp\/v2\/comments?post=283182"}],"version-history":[{"count":4,"href":"https:\/\/fmer-remf.ca\/fr\/wp-json\/wp\/v2\/pages\/283182\/revisions"}],"predecessor-version":[{"id":283196,"href":"https:\/\/fmer-remf.ca\/fr\/wp-json\/wp\/v2\/pages\/283182\/revisions\/283196"}],"up":[{"embeddable":true,"href":"https:\/\/fmer-remf.ca\/fr\/wp-json\/wp\/v2\/pages\/342"}],"wp:attachment":[{"href":"https:\/\/fmer-remf.ca\/fr\/wp-json\/wp\/v2\/media?parent=283182"}],"curies":[{"name":"wp","href":"https:\/\/api.w.org\/{rel}","templated":true}]}}