{"id":2952,"date":"2023-07-08T06:03:57","date_gmt":"2023-07-08T06:03:57","guid":{"rendered":"https:\/\/fmer-remf.ca\/?page_id=2952"},"modified":"2025-09-10T05:59:42","modified_gmt":"2025-09-10T05:59:42","slug":"peter-nugus","status":"publish","type":"page","link":"https:\/\/fmer-remf.ca\/fr\/about-us\/our-team\/peter-nugus\/","title":{"rendered":"Peter Nugus"},"content":{"rendered":"<p>[et_pb_section fb_built=\u00a0\u00bb1&Prime; _builder_version=\u00a0\u00bb4.19.5&Prime; _module_preset=\u00a0\u00bbdefault\u00a0\u00bb global_colors_info=\u00a0\u00bb{}\u00a0\u00bb][et_pb_row column_structure=\u00a0\u00bb1_3,2_3&Prime; use_custom_gutter=\u00a0\u00bbon\u00a0\u00bb gutter_width=\u00a0\u00bb1&Prime; make_equal=\u00a0\u00bbon\u00a0\u00bb custom_padding_last_edited=\u00a0\u00bbon|desktop\u00a0\u00bb _builder_version=\u00a0\u00bb4.27.4&Prime; _module_preset=\u00a0\u00bbdefault\u00a0\u00bb width=\u00a0\u00bb100%\u00a0\u00bb max_width=\u00a0\u00bb100%\u00a0\u00bb custom_padding=\u00a0\u00bb50px|0px|50px|50px|true|false\u00a0\u00bb custom_padding_tablet=\u00a0\u00bb100px|100px|100px|100px|true|true\u00a0\u00bb custom_padding_phone=\u00a0\u00bb80px|25px|80px|25px|true|true\u00a0\u00bb hover_enabled=\u00a0\u00bb0&Prime; global_colors_info=\u00a0\u00bb{}\u00a0\u00bb sticky_enabled=\u00a0\u00bb0&Prime;][et_pb_column type=\u00a0\u00bb1_3&Prime; _builder_version=\u00a0\u00bb4.19.5&Prime; _module_preset=\u00a0\u00bbdefault\u00a0\u00bb global_colors_info=\u00a0\u00bb{}\u00a0\u00bb][et_pb_image src=\u00a0\u00bbhttps:\/\/fmer-remf.ca\/wp-content\/uploads\/Peter-sm.jpg\u00a0\u00bb alt=\u00a0\u00bbPeter Nugus\u00a0\u00bb title_text=\u00a0\u00bbPeter-sm\u00a0\u00bb _builder_version=\u00a0\u00bb4.27.2&Prime; _module_preset=\u00a0\u00bbdefault\u00a0\u00bb border_radii=\u00a0\u00bbon|5px|5px|5px|5px\u00a0\u00bb box_shadow_style=\u00a0\u00bbpreset1&Prime; box_shadow_color=\u00a0\u00bbrgba(0,0,0,0.62)\u00a0\u00bb global_colors_info=\u00a0\u00bb{}\u00a0\u00bb][\/et_pb_image][et_pb_text _builder_version=\u00a0\u00bb4.21.0&Prime; _module_preset=\u00a0\u00bbdefault\u00a0\u00bb custom_padding=\u00a0\u00bb6px||6px||true|false\u00a0\u00bb global_colors_info=\u00a0\u00bb{}\u00a0\u00bb]<\/p>\n<p style=\"text-align: left;\"><strong>Email: <a href=\"mailto:peter.nugus@mcgill.ca\">peter.nugus@mcgill.ca<\/a><\/strong><\/p>\n<p>[\/et_pb_text][et_pb_text _builder_version=\u00a0\u00bb4.20.4&Prime; _module_preset=\u00a0\u00bbdefault\u00a0\u00bb custom_padding=\u00a0\u00bb6px||6px||true|false\u00a0\u00bb global_colors_info=\u00a0\u00bb{}\u00a0\u00bb]<\/p>\n<p style=\"text-align: left;\"><strong>Social Media Profiles<\/strong><\/p>\n<p>[\/et_pb_text][et_pb_social_media_follow use_icon_font_size=\u00a0\u00bbon\u00a0\u00bb icon_font_size=\u00a0\u00bb22px\u00a0\u00bb _builder_version=\u00a0\u00bb4.21.0&Prime; _module_preset=\u00a0\u00bbdefault\u00a0\u00bb text_orientation=\u00a0\u00bbleft\u00a0\u00bb custom_padding=\u00a0\u00bb15px||15px||true|false\u00a0\u00bb global_colors_info=\u00a0\u00bb{}\u00a0\u00bb][et_pb_social_media_follow_network social_network=\u00a0\u00bblinkedin\u00a0\u00bb url=\u00a0\u00bbhttps:\/\/ca.linkedin.com\/in\/peter-nugus-4515b559&Prime; _builder_version=\u00a0\u00bb4.21.0&Prime; _module_preset=\u00a0\u00bbdefault\u00a0\u00bb background_color=\u00a0\u00bb#007bb6&Prime; global_colors_info=\u00a0\u00bb{}\u00a0\u00bb follow_button=\u00a0\u00bboff\u00a0\u00bb url_new_window=\u00a0\u00bbon\u00a0\u00bb]linkedin[\/et_pb_social_media_follow_network][et_pb_social_media_follow_network social_network=\u00a0\u00bbgoogle\u00a0\u00bb url=\u00a0\u00bbhttps:\/\/scholar.google.ca\/citations?hl=en&#038;user=nRg5bvoAAAAJ\u00a0\u00bb _builder_version=\u00a0\u00bb4.21.0&Prime; _module_preset=\u00a0\u00bbdefault\u00a0\u00bb background_color=\u00a0\u00bb#4285f4&Prime; global_colors_info=\u00a0\u00bb{}\u00a0\u00bb follow_button=\u00a0\u00bboff\u00a0\u00bb url_new_window=\u00a0\u00bbon\u00a0\u00bb]google[\/et_pb_social_media_follow_network][et_pb_social_media_follow_network social_network=\u00a0\u00bbresearchgate\u00a0\u00bb url=\u00a0\u00bbhttps:\/\/www.researchgate.net\/profile\/Peter-Nugus\u00a0\u00bb _builder_version=\u00a0\u00bb4.21.0&Prime; _module_preset=\u00a0\u00bbdefault\u00a0\u00bb background_color=\u00a0\u00bb#40ba9b\u00a0\u00bb global_colors_info=\u00a0\u00bb{}\u00a0\u00bb follow_button=\u00a0\u00bboff\u00a0\u00bb url_new_window=\u00a0\u00bbon\u00a0\u00bb]researchgate[\/et_pb_social_media_follow_network][\/et_pb_social_media_follow][\/et_pb_column][et_pb_column type=\u00a0\u00bb2_3&Prime; _builder_version=\u00a0\u00bb4.19.5&Prime; _module_preset=\u00a0\u00bbdefault\u00a0\u00bb global_colors_info=\u00a0\u00bb{}\u00a0\u00bb][et_pb_team_member name=\u00a0\u00bbPeter Nugus, MAHons, MEd, PhD\u00a0\u00bb position_tablet=\u00a0\u00bb\u00a0\u00bb position_phone=\u00a0\u00bb\u00a0\u00bb position_last_edited=\u00a0\u00bbon|phone\u00a0\u00bb _builder_version=\u00a0\u00bb4.27.4&Prime; _module_preset=\u00a0\u00bbdefault\u00a0\u00bb header_level=\u00a0\u00bbh2&Prime; header_font=\u00a0\u00bbBaloo 2||||||||\u00a0\u00bb header_text_color=\u00a0\u00bb#000000&Prime; header_font_size=\u00a0\u00bb27px\u00a0\u00bb body_text_color=\u00a0\u00bb#000000&Prime; position_text_color=\u00a0\u00bb#000000&Prime; background_color=\u00a0\u00bbrgba(121,110,189,0.69)\u00a0\u00bb min_height=\u00a0\u00bb123.8px\u00a0\u00bb custom_margin=\u00a0\u00bb-3px|-69vw||-3vw|false|false\u00a0\u00bb custom_margin_tablet=\u00a0\u00bb|6vw||-3vw|false|false\u00a0\u00bb custom_margin_phone=\u00a0\u00bb|0vw||0vw|false|false\u00a0\u00bb custom_margin_last_edited=\u00a0\u00bbon|desktop\u00a0\u00bb custom_padding=\u00a0\u00bb25px|14px|25px|14px|true|true\u00a0\u00bb custom_padding_tablet=\u00a0\u00bb25px|7px|25px|7px|true|false\u00a0\u00bb custom_padding_phone=\u00a0\u00bb25px|7px|25px|7px|true|false\u00a0\u00bb custom_padding_last_edited=\u00a0\u00bbon|desktop\u00a0\u00bb border_radii=\u00a0\u00bboff||5px|5px|\u00a0\u00bb border_width_left=\u00a0\u00bb3px\u00a0\u00bb border_color_left=\u00a0\u00bbrgba(255,255,255,0.65)\u00a0\u00bb box_shadow_style=\u00a0\u00bbpreset1&Prime; box_shadow_color=\u00a0\u00bbrgba(0,0,0,0.54)\u00a0\u00bb global_colors_info=\u00a0\u00bb{}\u00a0\u00bb]<\/p>\n<p>Associate Professor<br \/>Department of Family Medicine and the Institute of Health Sciences Education<br \/>McGill University<\/p>\n<p>[\/et_pb_team_member][et_pb_team_member _builder_version=\u00a0\u00bb4.27.4&Prime; _module_preset=\u00a0\u00bbdefault\u00a0\u00bb body_text_color=\u00a0\u00bb#000000&Prime; custom_padding=\u00a0\u00bb10px|12px|10px|12px|true|true\u00a0\u00bb global_colors_info=\u00a0\u00bb{}\u00a0\u00bb]<\/p>\n<p>PETER NUGUS (MA Hons, MEd, PhD) is an Associate Professor in the Department of Family Medicine and the Institute of Health Sciences Education at McGill University, Montreal, Canada. Peter is also Acting Director of the McGill University Practice-based Research Network (PBRN) (R\u00e9seaux de recherche ax\u00e9e sur les pratiques de premi\u00e8re ligne-RRAPPL). Drawing on a background in Political Science, Philosophy, Adult Education and Sociology, Peter\u2019s published ethnographic and participatory research in emergency departments and various hospital and community settings across six countries, and teaching, has focused on workplace and organizational learning, care coordination, culture and identity in complex organizations, and translation and mobilization of knowledge across knowledge producers and users. Peter held a Fulbright post-doctoral scholarship at the University of California Los Angeles and an Australian government Endeavour post-doctoral scholarship at Columbia University, and was a postdoc at the Netherlands Institute for Health Services Research (NIVEL). Peter has publications in leading journals, such as the British Medical Journal, Social Science &amp; Medicine and Sociology of Health &amp; Illness. He has more than 250 peer-reviewed publications and conference presentations, supported by grants from the Social Sciences and Humanities Research Council (SSHRC) of Canada, the Canadian Institutes of Health Research (CIHR) and the Fonds de Recherche du Qu\u00e9bec (FRQ).<\/p>\n<p>[\/et_pb_team_member][et_pb_text _builder_version=\u00a0\u00bb4.21.0&Prime; _module_preset=\u00a0\u00bbdefault\u00a0\u00bb width=\u00a0\u00bb135.7%\u00a0\u00bb custom_margin=\u00a0\u00bb|0px||10px|false|false\u00a0\u00bb custom_margin_tablet=\u00a0\u00bb|0px||10px|false|false\u00a0\u00bb custom_margin_phone=\u00a0\u00bb|0px||10px|false|false\u00a0\u00bb custom_margin_last_edited=\u00a0\u00bbon|desktop\u00a0\u00bb custom_padding=\u00a0\u00bb|1px||1px|true|true\u00a0\u00bb global_colors_info=\u00a0\u00bb{}\u00a0\u00bb][\/et_pb_text][\/et_pb_column][\/et_pb_row][\/et_pb_section]<\/p>\n","protected":false},"excerpt":{"rendered":"<p>Email: peter.nugus@mcgill.caSocial Media ProfilesAssociate ProfessorDepartment of Family Medicine and the Institute of Health Sciences EducationMcGill UniversityPETER NUGUS (MA Hons, MEd, PhD) is an Associate Professor in the Department of Family [&hellip;]<\/p>\n","protected":false},"author":1,"featured_media":0,"parent":342,"menu_order":0,"comment_status":"closed","ping_status":"closed","template":"","meta":{"_et_pb_use_builder":"on","_et_pb_old_content":"","_et_gb_content_width":"","_monsterinsights_skip_tracking":false,"_monsterinsights_sitenote_active":false,"_monsterinsights_sitenote_note":"","_monsterinsights_sitenote_category":0,"footnotes":""},"class_list":["post-2952","page","type-page","status-publish","hentry"],"_links":{"self":[{"href":"https:\/\/fmer-remf.ca\/fr\/wp-json\/wp\/v2\/pages\/2952","targetHints":{"allow":["GET"]}}],"collection":[{"href":"https:\/\/fmer-remf.ca\/fr\/wp-json\/wp\/v2\/pages"}],"about":[{"href":"https:\/\/fmer-remf.ca\/fr\/wp-json\/wp\/v2\/types\/page"}],"author":[{"embeddable":true,"href":"https:\/\/fmer-remf.ca\/fr\/wp-json\/wp\/v2\/users\/1"}],"replies":[{"embeddable":true,"href":"https:\/\/fmer-remf.ca\/fr\/wp-json\/wp\/v2\/comments?post=2952"}],"version-history":[{"count":6,"href":"https:\/\/fmer-remf.ca\/fr\/wp-json\/wp\/v2\/pages\/2952\/revisions"}],"predecessor-version":[{"id":282621,"href":"https:\/\/fmer-remf.ca\/fr\/wp-json\/wp\/v2\/pages\/2952\/revisions\/282621"}],"up":[{"embeddable":true,"href":"https:\/\/fmer-remf.ca\/fr\/wp-json\/wp\/v2\/pages\/342"}],"wp:attachment":[{"href":"https:\/\/fmer-remf.ca\/fr\/wp-json\/wp\/v2\/media?parent=2952"}],"curies":[{"name":"wp","href":"https:\/\/api.w.org\/{rel}","templated":true}]}}